{"id":12299,"date":"2025-02-10T00:56:14","date_gmt":"2025-02-09T23:56:14","guid":{"rendered":"https:\/\/www2.fitness-flohmarkt.ch\/produkt\/atx-adapter-50-mm-x-365-mm-kunststoff\/"},"modified":"2026-03-01T23:40:17","modified_gmt":"2026-03-01T22:40:17","slug":"adaptateur-atx-50-mm-x-365-mm-plastique","status":"publish","type":"product","link":"https:\/\/www.fitness-flohmarkt.ch\/fr\/produkt\/atx-adapter-50-mm-x-365-mm-kunststoff\/","title":{"rendered":"Adaptateur ATX 50 mm x 365 mm | Plastique"},"content":{"rendered":"<h3>ATX\u00ae : LA SOLUTION\u00a0<strong data-start=\"143\" data-end=\"223\">Adaptateur pour l'extension des halt\u00e8res longs de \u00d8 30 mm \u00e0 la r\u00e9ception de disques de \u00d8 50 mm<\/strong><\/h3>\n<p class=\"\" data-start=\"225\" data-end=\"509\">Cet adaptateur permet d'utiliser des disques d'halt\u00e8res de 50 mm sur des halt\u00e8res longs avec un logement de disque initial de 30 mm. Il est id\u00e9al pour \u00e9quiper de mani\u00e8re flexible les barres d'halt\u00e8res existantes pour l'entra\u00eenement avec des disques de 50 mm - sans devoir acheter un nouvel \u00e9quipement.<\/p>\n<p class=\"\" data-start=\"511\" data-end=\"832\">Les adaptateurs mesurent 365 mm de long et poss\u00e8dent un trou int\u00e9rieur de \u00d8 30,5 mm. Convient aux r\u00e9cepteurs d'un diam\u00e8tre de 29-30 mm et d'une longueur de 280 \u00e0 360 mm maximum. La fixation se fait en toute s\u00e9curit\u00e9 gr\u00e2ce \u00e0 une vis de blocage \u00e0 six pans creux int\u00e9gr\u00e9e (\u00d8 8 mm) qui emp\u00eache tout glissement pendant l'entra\u00eenement.<\/p>\n<p class=\"\" data-start=\"834\" data-end=\"978\">Fabriqu\u00e9 en plastique dur et r\u00e9sistant, l'adaptateur offre une solution durable et pratique pour \u00e9tendre les ensembles d'halt\u00e8res existants.<\/p>\n<p class=\"\" data-start=\"980\" data-end=\"1009\"><strong data-start=\"980\" data-end=\"1009\" data-is-last-node=\"\">Remarque : <\/strong>Prix \u00e0 l'unit\u00e9.<\/p>","protected":false},"excerpt":{"rendered":"<p>Adaptateur ATX\u00ae pour l'extension des halt\u00e8res longs de \u00d8 30 mm \u00e0 une r\u00e9ception de disques de \u00d8 50 mm. Permet d'utiliser des disques d'halt\u00e8res de 50 mm sur des barres d'halt\u00e8res de 30 mm existantes. Longueur : 365 mm. Convient aux r\u00e9ceptions de \u00d8 30 mm, longueur 280-360 mm. Avec vis de blocage \u00e0 six pans creux, en plastique dur.<\/p>","protected":false},"featured_media":9048449,"comment_status":"open","ping_status":"closed","template":"","meta":{"_acf_changed":false,"_gspb_post_css":""},"product_brand":[1039],"product_cat":[319,620],"product_tag":[],"class_list":{"0":"post-12299","1":"product","2":"type-product","3":"status-publish","4":"has-post-thumbnail","6":"product_brand-atx","7":"product_cat-fitness-zubehoer","8":"product_cat-hg-zubehoer","9":"pa_artikel-pro-verkaufseinheit-1x","10":"pa_durchmesser-50-mm","11":"pa_farbe-schwarz","12":"pa_laenge-36-5-cm","13":"pa_lieferumfang-1x-adapter","14":"pa_material-kunststoff","16":"first","17":"outofstock","18":"taxable","19":"shipping-taxable","20":"purchasable","21":"product-type-simple"},"bundled_by":[],"bundle_stock_status":"outofstock","bundle_stock_quantity":0,"bundle_virtual":false,"bundle_layout":"","bundle_add_to_cart_form_location":"","bundle_editable_in_cart":false,"bundle_sold_individually_context":"","bundle_item_grouping":"","bundle_min_size":"","bundle_max_size":"","bundle_price":[],"bundled_items":[],"bundle_sell_ids":[],"acf":[],"df_price":19,"df_sale_price":"","df_regular_price":19,"df_image_link":"https:\/\/www.fitness-flohmarkt.ch\/wp-content\/uploads\/bb-oa-350-pvc_2-20251006-123114-300x300.webp","_links":{"self":[{"href":"https:\/\/www.fitness-flohmarkt.ch\/fr\/wp-json\/wp\/v2\/product\/12299","targetHints":{"allow":["GET"]}}],"collection":[{"href":"https:\/\/www.fitness-flohmarkt.ch\/fr\/wp-json\/wp\/v2\/product"}],"about":[{"href":"https:\/\/www.fitness-flohmarkt.ch\/fr\/wp-json\/wp\/v2\/types\/product"}],"replies":[{"embeddable":true,"href":"https:\/\/www.fitness-flohmarkt.ch\/fr\/wp-json\/wp\/v2\/comments?post=12299"}],"wp:featuredmedia":[{"embeddable":true,"href":"https:\/\/www.fitness-flohmarkt.ch\/fr\/wp-json\/wp\/v2\/media\/9048449"}],"wp:attachment":[{"href":"https:\/\/www.fitness-flohmarkt.ch\/fr\/wp-json\/wp\/v2\/media?parent=12299"}],"wp:term":[{"taxonomy":"product_brand","embeddable":true,"href":"https:\/\/www.fitness-flohmarkt.ch\/fr\/wp-json\/wp\/v2\/product_brand?post=12299"},{"taxonomy":"product_cat","embeddable":true,"href":"https:\/\/www.fitness-flohmarkt.ch\/fr\/wp-json\/wp\/v2\/product_cat?post=12299"},{"taxonomy":"product_tag","embeddable":true,"href":"https:\/\/www.fitness-flohmarkt.ch\/fr\/wp-json\/wp\/v2\/product_tag?post=12299"}],"curies":[{"name":"wp","href":"https:\/\/api.w.org\/{rel}","templated":true}]}}