{"id":12109,"date":"2025-02-10T00:55:04","date_gmt":"2025-02-09T23:55:04","guid":{"rendered":"https:\/\/www2.fitness-flohmarkt.ch\/produkt\/lemond-fitness-g-force-ut-bike-occasion-ergometer\/"},"modified":"2026-01-15T13:33:10","modified_gmt":"2026-01-15T12:33:10","slug":"ergometre-lemond-fitness-g-force-ut-bike-occasion","status":"publish","type":"product","link":"https:\/\/www.fitness-flohmarkt.ch\/fr\/produkt\/lemond-fitness-g-force-ut-bike-occasion-ergometer\/","title":{"rendered":"LeMond Fitness G Force UT Bike | Ergom\u00e8tre d'occasion"},"content":{"rendered":"","protected":false},"excerpt":{"rendered":"<p>Les articles d'occasion pr\u00e9sentent des traces dues \u00e0 l'utilisation. Il est recommand\u00e9 de se rendre sur place pour se faire une id\u00e9e personnelle.<\/p>","protected":false},"featured_media":36021,"comment_status":"closed","ping_status":"closed","template":"","meta":{"_acf_changed":false,"_gspb_post_css":""},"product_brand":[1060],"product_cat":[341,313],"product_tag":[309],"class_list":{"0":"post-12109","1":"product","2":"type-product","3":"status-publish","4":"has-post-thumbnail","6":"product_brand-lemond-fitness","7":"product_cat-bikes-ergometer","8":"product_cat-outlet","9":"product_tag-occasion","10":"product_shipping_class-nicht-stapelbar","12":"first","13":"instock","14":"taxable","15":"shipping-taxable","16":"purchasable","17":"product-type-simple"},"bundled_by":[],"bundle_stock_status":"instock","bundle_stock_quantity":3,"bundle_virtual":false,"bundle_layout":"","bundle_add_to_cart_form_location":"","bundle_editable_in_cart":false,"bundle_sold_individually_context":"","bundle_item_grouping":"","bundle_min_size":"","bundle_max_size":"","bundle_price":[],"bundled_items":[],"bundle_sell_ids":[],"acf":[],"df_price":690,"df_sale_price":"","df_regular_price":690,"df_image_link":"https:\/\/www.fitness-flohmarkt.ch\/wp-content\/uploads\/LeMond-Fitness-G-Force-UT-Bike-1-scaled-6-300x300.jpg","_links":{"self":[{"href":"https:\/\/www.fitness-flohmarkt.ch\/fr\/wp-json\/wp\/v2\/product\/12109","targetHints":{"allow":["GET"]}}],"collection":[{"href":"https:\/\/www.fitness-flohmarkt.ch\/fr\/wp-json\/wp\/v2\/product"}],"about":[{"href":"https:\/\/www.fitness-flohmarkt.ch\/fr\/wp-json\/wp\/v2\/types\/product"}],"replies":[{"embeddable":true,"href":"https:\/\/www.fitness-flohmarkt.ch\/fr\/wp-json\/wp\/v2\/comments?post=12109"}],"wp:featuredmedia":[{"embeddable":true,"href":"https:\/\/www.fitness-flohmarkt.ch\/fr\/wp-json\/wp\/v2\/media\/36021"}],"wp:attachment":[{"href":"https:\/\/www.fitness-flohmarkt.ch\/fr\/wp-json\/wp\/v2\/media?parent=12109"}],"wp:term":[{"taxonomy":"product_brand","embeddable":true,"href":"https:\/\/www.fitness-flohmarkt.ch\/fr\/wp-json\/wp\/v2\/product_brand?post=12109"},{"taxonomy":"product_cat","embeddable":true,"href":"https:\/\/www.fitness-flohmarkt.ch\/fr\/wp-json\/wp\/v2\/product_cat?post=12109"},{"taxonomy":"product_tag","embeddable":true,"href":"https:\/\/www.fitness-flohmarkt.ch\/fr\/wp-json\/wp\/v2\/product_tag?post=12109"}],"curies":[{"name":"wp","href":"https:\/\/api.w.org\/{rel}","templated":true}]}}