{"id":11862,"date":"2025-02-10T00:53:18","date_gmt":"2025-02-09T23:53:18","guid":{"rendered":"https:\/\/www2.fitness-flohmarkt.ch\/produkt\/keiser-calf-press-occasion-waden\/"},"modified":"2025-08-23T18:12:47","modified_gmt":"2025-08-23T16:12:47","slug":"keiser-calf-press-occasion-mollets","status":"publish","type":"product","link":"https:\/\/www.fitness-flohmarkt.ch\/fr\/produkt\/keiser-calf-press-occasion-waden\/","title":{"rendered":"KEISER Calf Press | Occasion mollets"},"content":{"rendered":"<p>KEISER Calf Press Occasion mollets. Bon \u00e9tat, enti\u00e8rement fonctionnel.<\/p>\n<p>Les appareils de musculation KEISER fonctionnent avec une pression d'air. Un compresseur est n\u00e9cessaire pour g\u00e9n\u00e9rer la r\u00e9sistance pneumatique. Si tu as des questions \u00e0 ce sujet, nous t'aiderons volontiers. Contacte-nous par e-mail \u00e0 info@Fitness-Flohmarkt.ch<\/p>\n<p>&nbsp;<\/p>","protected":false},"excerpt":{"rendered":"<p>KEISER Calf Press Occasion mollets. Bon \u00e9tat, enti\u00e8rement fonctionnel. Les appareils de musculation KEISER fonctionnent avec une pression pneumatique. Un compresseur est n\u00e9cessaire pour g\u00e9n\u00e9rer la r\u00e9sistance pneumatique. Si tu as des questions \u00e0 ce sujet, nous serons ravis de t'aider. Contacte-nous par e-mail \u00e0 info@Fitness-Flohmarkt.ch &nbsp;<\/p>","protected":false},"featured_media":43973,"comment_status":"open","ping_status":"closed","template":"","meta":{"_acf_changed":false,"_gspb_post_css":""},"product_brand":[1041],"product_cat":[813,313,310],"product_tag":[309],"class_list":{"0":"post-11862","1":"product","2":"type-product","3":"status-publish","4":"has-post-thumbnail","6":"product_brand-keiser","7":"product_cat-fg-diverse","8":"product_cat-outlet","9":"product_cat-steckgewichte","10":"product_tag-occasion","11":"product_shipping_class-nicht-stapelbar","13":"first","14":"instock","15":"taxable","16":"shipping-taxable","17":"purchasable","18":"product-type-simple"},"bundled_by":[],"bundle_stock_status":"instock","bundle_stock_quantity":1,"bundle_virtual":false,"bundle_layout":"","bundle_add_to_cart_form_location":"","bundle_editable_in_cart":false,"bundle_sold_individually_context":"","bundle_item_grouping":"","bundle_min_size":"","bundle_max_size":"","bundle_price":[],"bundled_items":[],"bundle_sell_ids":[],"acf":[],"df_price":1490,"df_sale_price":"","df_regular_price":1490,"df_image_link":"https:\/\/www.fitness-flohmarkt.ch\/wp-content\/uploads\/KEISER-Calf-Press-1-scaled-7-225x300.jpg","_links":{"self":[{"href":"https:\/\/www.fitness-flohmarkt.ch\/fr\/wp-json\/wp\/v2\/product\/11862","targetHints":{"allow":["GET"]}}],"collection":[{"href":"https:\/\/www.fitness-flohmarkt.ch\/fr\/wp-json\/wp\/v2\/product"}],"about":[{"href":"https:\/\/www.fitness-flohmarkt.ch\/fr\/wp-json\/wp\/v2\/types\/product"}],"replies":[{"embeddable":true,"href":"https:\/\/www.fitness-flohmarkt.ch\/fr\/wp-json\/wp\/v2\/comments?post=11862"}],"wp:featuredmedia":[{"embeddable":true,"href":"https:\/\/www.fitness-flohmarkt.ch\/fr\/wp-json\/wp\/v2\/media\/43973"}],"wp:attachment":[{"href":"https:\/\/www.fitness-flohmarkt.ch\/fr\/wp-json\/wp\/v2\/media?parent=11862"}],"wp:term":[{"taxonomy":"product_brand","embeddable":true,"href":"https:\/\/www.fitness-flohmarkt.ch\/fr\/wp-json\/wp\/v2\/product_brand?post=11862"},{"taxonomy":"product_cat","embeddable":true,"href":"https:\/\/www.fitness-flohmarkt.ch\/fr\/wp-json\/wp\/v2\/product_cat?post=11862"},{"taxonomy":"product_tag","embeddable":true,"href":"https:\/\/www.fitness-flohmarkt.ch\/fr\/wp-json\/wp\/v2\/product_tag?post=11862"}],"curies":[{"name":"wp","href":"https:\/\/api.w.org\/{rel}","templated":true}]}}