{"id":11788,"date":"2025-02-10T00:52:47","date_gmt":"2025-02-09T23:52:47","guid":{"rendered":"https:\/\/www2.fitness-flohmarkt.ch\/produkt\/belt-squat-attachment-zubehoer-power-rack\/"},"modified":"2026-04-07T12:12:10","modified_gmt":"2026-04-07T10:12:10","slug":"belt-squat-attachment-accessories-power-rack","status":"publish","type":"product","link":"https:\/\/www.fitness-flohmarkt.ch\/fr\/produkt\/belt-squat-attachment-zubehoer-power-rack\/","title":{"rendered":"Belt Squat Attachment | Accessoires Power Rack"},"content":{"rendered":"<h3><strong data-start=\"469\" data-end=\"537\">Belt Squat Attachment - accessoire fonctionnel pour le Power Rack<\/strong><\/h3>\n<p>Le Belt Squat Attachment \u00e9largit l'\u00e9ventail d'exercices sur le Power Rack avec de nombreuses variantes d'exercices efficaces. En particulier pour les squats, il soulage le dos et les \u00e9paules car la charge n'est pas support\u00e9e par le haut du corps mais par le bassin. Cela favorise une posture droite et permet un entra\u00eenement s\u00fbr et sans danger pour les articulations. Les pas chass\u00e9s, les variantes d'aviron ou diff\u00e9rents exercices de traction peuvent \u00e9galement \u00eatre effectu\u00e9s de mani\u00e8re cibl\u00e9e.<\/p>\n<p>L'attachement se monte directement sur le rack et est con\u00e7u pour les Power Racks aux dimensions appropri\u00e9es. La conception robuste garantit une grande stabilit\u00e9 et une grande capacit\u00e9 de charge. Le support int\u00e9gr\u00e9 est con\u00e7u pour des disques d'halt\u00e8res de 50 mm de diam\u00e8tre et permet un ajustement individuel du poids. Id\u00e9al pour un entra\u00eenement de musculation polyvalent et fonctionnel en studio ou en home gym.<\/p>\n<p><strong data-start=\"640\" data-end=\"675\">Compatible avec les racks suivants :<\/strong><\/p>\n<ul>\n<li>F-55936 - Power Rack Professional (\u00e0 partir de l'ann\u00e9e 2023)<\/li>\n<li>F-28587 - Demi-rack ouvert<\/li>\n<\/ul>","protected":false},"excerpt":{"rendered":"<p>Le Belt Squat Attachment permet de r\u00e9aliser une multitude d'exercices fonctionnels comme les Belt Squats, les pas chass\u00e9s ou le rowing avec la poitrine pench\u00e9e. Il se fixe directement au Power Rack et offre une base stable pour un entra\u00eenement cibl\u00e9 des jambes et du dos avec un logement de disque de 50 mm.<\/p>","protected":false},"featured_media":55996,"comment_status":"open","ping_status":"closed","template":"","meta":{"_acf_changed":false,"_gspb_post_css":""},"product_brand":[1000],"product_cat":[950],"product_tag":[],"class_list":{"0":"post-11788","1":"product","2":"type-product","3":"status-publish","4":"has-post-thumbnail","6":"product_brand-fitcom","7":"product_cat-rr-zubehoer","8":"pa_artikel-pro-verkaufseinheit-1x","9":"pa_farbe-schwarz","10":"pa_fitness-zubehoertyp-rack-attachment","11":"pa_kernmaterial-stahl","12":"pa_lieferumfang-1x-rack-halterung","13":"pa_oberflaeche-pulverbeschichtet","14":"pa_verstellbar-ja","16":"first","17":"instock","18":"taxable","19":"shipping-taxable","20":"purchasable","21":"product-type-simple"},"bundled_by":[],"bundle_stock_status":"instock","bundle_stock_quantity":13,"bundle_virtual":false,"bundle_layout":"","bundle_add_to_cart_form_location":"","bundle_editable_in_cart":false,"bundle_sold_individually_context":"","bundle_item_grouping":"","bundle_min_size":"","bundle_max_size":"","bundle_price":[],"bundled_items":[],"bundle_sell_ids":[],"acf":[],"df_price":250,"df_sale_price":"","df_regular_price":250,"df_image_link":"https:\/\/www.fitness-flohmarkt.ch\/wp-content\/uploads\/Belt-Squat-Attachment-2-scaled-1-20250314-095249-300x300.jpg","_links":{"self":[{"href":"https:\/\/www.fitness-flohmarkt.ch\/fr\/wp-json\/wp\/v2\/product\/11788","targetHints":{"allow":["GET"]}}],"collection":[{"href":"https:\/\/www.fitness-flohmarkt.ch\/fr\/wp-json\/wp\/v2\/product"}],"about":[{"href":"https:\/\/www.fitness-flohmarkt.ch\/fr\/wp-json\/wp\/v2\/types\/product"}],"replies":[{"embeddable":true,"href":"https:\/\/www.fitness-flohmarkt.ch\/fr\/wp-json\/wp\/v2\/comments?post=11788"}],"wp:featuredmedia":[{"embeddable":true,"href":"https:\/\/www.fitness-flohmarkt.ch\/fr\/wp-json\/wp\/v2\/media\/55996"}],"wp:attachment":[{"href":"https:\/\/www.fitness-flohmarkt.ch\/fr\/wp-json\/wp\/v2\/media?parent=11788"}],"wp:term":[{"taxonomy":"product_brand","embeddable":true,"href":"https:\/\/www.fitness-flohmarkt.ch\/fr\/wp-json\/wp\/v2\/product_brand?post=11788"},{"taxonomy":"product_cat","embeddable":true,"href":"https:\/\/www.fitness-flohmarkt.ch\/fr\/wp-json\/wp\/v2\/product_cat?post=11788"},{"taxonomy":"product_tag","embeddable":true,"href":"https:\/\/www.fitness-flohmarkt.ch\/fr\/wp-json\/wp\/v2\/product_tag?post=11788"}],"curies":[{"name":"wp","href":"https:\/\/api.w.org\/{rel}","templated":true}]}}