{"id":71260,"date":"2025-03-21T19:28:57","date_gmt":"2025-03-21T18:28:57","guid":{"rendered":"https:\/\/www2.fitness-flohmarkt.ch\/?page_id=71260"},"modified":"2025-04-03T11:50:18","modified_gmt":"2025-04-03T09:50:18","slug":"a-propos-de-fitness-marche-aux-puces-ch","status":"publish","type":"page","link":"https:\/\/www.fitness-flohmarkt.ch\/fr\/ueber-fitness-flohmarkt-ch\/","title":{"rendered":"\u00c0 propos de Fitness-Flohmarkt.ch"},"content":{"rendered":"<p>Chez Fitness-Flohmarkt, nous nous sommes donn\u00e9 pour mission de proposer \u00e0 nos clients du mat\u00e9riel de fitness professionnel \u00e0 des prix \u00e9quitables. Derri\u00e8re chacun de nos articles se cache une histoire - qu'il s'agisse de pi\u00e8ces d'exposition provenant de salons, de fins de s\u00e9rie issues de liquidations de centres de fitness ou d'importations de l'\u00e9tranger, chez Fitness-Flohmarkt, on trouve un m\u00e9lange color\u00e9 de tout. Ce qui reste - nous offrons les meilleurs prix, toujours !&nbsp;<\/p>\n\n\n\n<p>La boutique en ligne Fitness-Flohmarkt.ch est g\u00e9r\u00e9e par Fitcom AG. Fitcom AG est une soci\u00e9t\u00e9 anonyme active dans le commerce de marchandises (commerce de gros et e-commerce) et dont le si\u00e8ge est en Suisse. L'entreprise familiale est dirig\u00e9e par Matthias &amp; Rebekka Nachbur et emploie sept collaborateurs au si\u00e8ge social \u00e0 Liestal BL.\u00a0<\/p>\n\n\n\n<div class=\"wp-block-greenshift-blocks-image gspb_image gspb_image-id-gsbp-d949c44\" id=\"gspb_image-id-gsbp-d949c44\"><img decoding=\"async\" src=\"https:\/\/www2.fitness-flohmarkt.ch\/wp-content\/uploads\/Bild-Homepage-uber-uns-scaled.jpg\" data-src=\"\" alt=\"\" loading=\"lazy\" width=\"600px\" height=\"1849\"\/><\/div>\n\n\n\n<p>Matthias &amp; Rebekka Nachbur, direction de l'entreprise<\/p>\n\n\n\n<p><\/p>","protected":false},"excerpt":{"rendered":"<p>Wir von Fitness-Flohmarkt haben uns zur Aufgabe gemacht, professionelles Fitness-Equipment zu fairen Preisen an unsere Kunden weiter zu geben. Hinter jedem unserer Artikel steht eine Geschichte &#8211; ob Ausstellungsst\u00fccke von Messen, Restposten aus Liquidationen von Fitnessstudios oder Import aus dem Ausland, bei Fitness-Flohmarkt gibt es einen bunten Mix aus allem. Was bleibt &#8211; wir bieten [&hellip;]<\/p>\n","protected":false},"author":1,"featured_media":0,"parent":0,"menu_order":0,"comment_status":"closed","ping_status":"closed","template":"","meta":{"_acf_changed":false,"_gspb_post_css":"#gspb_image-id-gsbp-d949c44 img{vertical-align:top;display:inline-block;box-sizing:border-box;max-width:100%;width:600px;height:auto}#gspb_image-id-gsbp-d949c44{height:auto}@media (max-width:991.98px){#gspb_image-id-gsbp-d949c44,#gspb_image-id-gsbp-d949c44 img{height:auto}}@media (max-width:767.98px){#gspb_image-id-gsbp-d949c44,#gspb_image-id-gsbp-d949c44 img{height:auto}}@media (max-width:575.98px){#gspb_image-id-gsbp-d949c44,#gspb_image-id-gsbp-d949c44 img{height:auto}}","footnotes":""},"class_list":["post-71260","page","type-page","status-publish","hentry"],"blocksy_meta":[],"acf":[],"_links":{"self":[{"href":"https:\/\/www.fitness-flohmarkt.ch\/fr\/wp-json\/wp\/v2\/pages\/71260","targetHints":{"allow":["GET"]}}],"collection":[{"href":"https:\/\/www.fitness-flohmarkt.ch\/fr\/wp-json\/wp\/v2\/pages"}],"about":[{"href":"https:\/\/www.fitness-flohmarkt.ch\/fr\/wp-json\/wp\/v2\/types\/page"}],"author":[{"embeddable":true,"href":"https:\/\/www.fitness-flohmarkt.ch\/fr\/wp-json\/wp\/v2\/users\/1"}],"replies":[{"embeddable":true,"href":"https:\/\/www.fitness-flohmarkt.ch\/fr\/wp-json\/wp\/v2\/comments?post=71260"}],"version-history":[{"count":2,"href":"https:\/\/www.fitness-flohmarkt.ch\/fr\/wp-json\/wp\/v2\/pages\/71260\/revisions"}],"predecessor-version":[{"id":9015205,"href":"https:\/\/www.fitness-flohmarkt.ch\/fr\/wp-json\/wp\/v2\/pages\/71260\/revisions\/9015205"}],"wp:attachment":[{"href":"https:\/\/www.fitness-flohmarkt.ch\/fr\/wp-json\/wp\/v2\/media?parent=71260"}],"curies":[{"name":"wp","href":"https:\/\/api.w.org\/{rel}","templated":true}]}}