{"id":6018,"date":"2025-02-06T13:36:00","date_gmt":"2025-02-06T12:36:00","guid":{"rendered":"https:\/\/www2.fitness-flohmarkt.ch\/?page_id=6018"},"modified":"2025-04-03T13:02:16","modified_gmt":"2025-04-03T11:02:16","slug":"ecoles-entreprises-associations","status":"publish","type":"page","link":"https:\/\/www.fitness-flohmarkt.ch\/fr\/schulen-firmen-vereine\/","title":{"rendered":"\u00c9coles, entreprises &amp; associations"},"content":{"rendered":"<p>Fitness-Flohmarkt.ch te propose des solutions globales attrayantes et avantageuses dans le domaine du fitness et des salles de musculation pour les \u00e9coles, les entreprises et les associations.<\/p>\n\n\n\n<p>Gr\u00e2ce au large choix d'appareils de fitness professionnels - neufs ou d'occasion - nous pouvons r\u00e9pondre de mani\u00e8re cibl\u00e9e \u00e0 tes besoins et cr\u00e9er une solution g\u00e9niale et fonctionnelle pour (presque) tous les budgets. Qu'il s'agisse d'une salle de musculation classique ou d'une salle de fitness fonctionnelle, nous sommes \u00e0 tes c\u00f4t\u00e9s pour te conseiller.<\/p>\n\n\n\n<p>Tes avantages en un coup d'\u0153il :<\/p>\n\n\n\n<ul class=\"wp-block-list\">\n<li>Des solutions globales d'un seul tenant<\/li>\n\n\n\n<li>Nouveau &amp; Occasion possible<\/li>\n\n\n\n<li>Des solutions pour tous les budgets<\/li>\n<\/ul>\n\n\n\n<p>Du HC Davos aux Young Boys de Berne en passant par l'\u00e9quipe nationale suisse de football : nous avons fourni du mat\u00e9riel \u00e0 de nombreux clubs de haut niveau - et en m\u00eame temps \u00e0 des dizaines de petits clubs de toute la Suisse.<\/p>\n\n\n\n<p>Nous nous r\u00e9jouissons de ta prise de contact !<\/p>\n\n\n\n<p>Ton \u00e9quipe de Fitness-Flohmarkt.ch<\/p>\n\n\n\n<p><\/p>","protected":false},"excerpt":{"rendered":"<p>Fitness-Flohmarkt.ch bietet dir attraktive, kosteng\u00fcnstige Gesamtl\u00f6sungen im Bereich Fitness und Kraftraum f\u00fcr Schulen, Firmen und Vereine. Dank der breiten Auswahl an professionellen Fitnessger\u00e4ten \u2013 sowohl neu als auch gebraucht \u2013 k\u00f6nnen wir gezielt auf deine Bed\u00fcrfnisse eingehen und f\u00fcr (fast) jedes Budget eine tolle, zweckm\u00e4ssige L\u00f6sung schaffen. Egal, ob es ein klassischer Kraftraum oder ein [&hellip;]<\/p>\n","protected":false},"author":1,"featured_media":0,"parent":0,"menu_order":0,"comment_status":"closed","ping_status":"closed","template":"","meta":{"_acf_changed":false,"_gspb_post_css":"","footnotes":""},"class_list":["post-6018","page","type-page","status-publish","hentry"],"blocksy_meta":[],"acf":[],"_links":{"self":[{"href":"https:\/\/www.fitness-flohmarkt.ch\/fr\/wp-json\/wp\/v2\/pages\/6018","targetHints":{"allow":["GET"]}}],"collection":[{"href":"https:\/\/www.fitness-flohmarkt.ch\/fr\/wp-json\/wp\/v2\/pages"}],"about":[{"href":"https:\/\/www.fitness-flohmarkt.ch\/fr\/wp-json\/wp\/v2\/types\/page"}],"author":[{"embeddable":true,"href":"https:\/\/www.fitness-flohmarkt.ch\/fr\/wp-json\/wp\/v2\/users\/1"}],"replies":[{"embeddable":true,"href":"https:\/\/www.fitness-flohmarkt.ch\/fr\/wp-json\/wp\/v2\/comments?post=6018"}],"version-history":[{"count":3,"href":"https:\/\/www.fitness-flohmarkt.ch\/fr\/wp-json\/wp\/v2\/pages\/6018\/revisions"}],"predecessor-version":[{"id":9015207,"href":"https:\/\/www.fitness-flohmarkt.ch\/fr\/wp-json\/wp\/v2\/pages\/6018\/revisions\/9015207"}],"wp:attachment":[{"href":"https:\/\/www.fitness-flohmarkt.ch\/fr\/wp-json\/wp\/v2\/media?parent=6018"}],"curies":[{"name":"wp","href":"https:\/\/api.w.org\/{rel}","templated":true}]}}