{"id":6016,"date":"2025-02-06T13:35:54","date_gmt":"2025-02-06T12:35:54","guid":{"rendered":"https:\/\/www2.fitness-flohmarkt.ch\/?page_id=6016"},"modified":"2025-04-03T13:11:46","modified_gmt":"2025-04-03T11:11:46","slug":"references","status":"publish","type":"page","link":"https:\/\/www.fitness-flohmarkt.ch\/fr\/referenzen\/","title":{"rendered":"R\u00e9f\u00e9rences"},"content":{"rendered":"<p>Fitness-Flohmarkt distribue depuis 2016 des \u00e9quipements de fitness professionnels - neufs ou d'occasion - et est d\u00e9j\u00e0 pr\u00e9sent dans de nombreux centres de fitness, centres sportifs, locaux de clubs et foyers suisses. Parmi nos clients appr\u00e9ci\u00e9s, nous comptons de nombreux clubs, athl\u00e8tes et centres de fitness renomm\u00e9s. Des clients satisfaits sont la meilleure publicit\u00e9 - nous sommes l\u00e0 pour toi m\u00eame apr\u00e8s l'achat et nous trouvons toujours une solution adapt\u00e9e.<\/p>\n\n\n\n<h2 class=\"wp-block-heading\" id=\"vereine-spitzensport\">Clubs \/ Sport de haut niveau :&nbsp;<\/h2>\n\n\n\n<p><a href=\"http:\/\/www.bscyb.ch\" target=\"_blank\" rel=\"noreferrer noopener\">Young Boys<\/a>, Berne<br><a href=\"https:\/\/www.fcz.ch\/de\/\" target=\"_blank\" rel=\"noreferrer noopener\">FC Zurich<br><\/a><a href=\"https:\/\/www.football.ch\/sfv\/nationalteams\/a-team\/news.aspx\" target=\"_blank\" rel=\"noreferrer noopener\">ASF \u00c9quipe nationale suisse de football \u00c9quipe A&nbsp;<\/a><br><a href=\"https:\/\/www.hcd.ch\/de\" target=\"_blank\" rel=\"noreferrer noopener\">HC Davos<\/a><a href=\"https:\/\/www.volleyball.ch\" target=\"_blank\" rel=\"noreferrer noopener\"><br>SwissVolley<\/a>, Berne<br><a href=\"https:\/\/www.scb.ch\/home.html\" target=\"_blank\" rel=\"noreferrer noopener\">SC Berne<br><\/a><a href=\"https:\/\/www.scltigers.ch\/\" target=\"_blank\" rel=\"noreferrer noopener\">SCL Tigers<\/a><br><a href=\"http:\/\/skiclubwengen.ch\" target=\"_blank\" rel=\"noreferrer noopener\">Ski-Club Wengen<\/a><a href=\"http:\/\/skiclubwengen.ch\" target=\"_blank\" rel=\"noreferrer noopener\"><br><\/a><a href=\"http:\/\/www.ehco.ch\" target=\"_blank\" rel=\"noreferrer noopener\">Hockey Club EHC Olten<\/a><a href=\"http:\/\/skiclubwengen.ch\" target=\"_blank\" rel=\"noreferrer noopener\"><br><\/a><a href=\"http:\/\/www.scl-athletics.ch\" target=\"_blank\" rel=\"noreferrer noopener\">SC Liestal&nbsp;<\/a><br><a href=\"http:\/\/www.oldboysbasel.ch\" target=\"_blank\" rel=\"noreferrer noopener\">LAS Old Boys B\u00e2le&nbsp;<br><\/a><a href=\"http:\/\/www.btv-athletics.ch\" target=\"_blank\" rel=\"noreferrer noopener\">BTV Aarau<\/a><a href=\"http:\/\/www.schlussgang.ch\/de\/schwinger\/mathys-simon\" target=\"_blank\" rel=\"noreferrer noopener\"><br><\/a><a href=\"https:\/\/www.number1complex.ch\" target=\"_blank\" rel=\"noreferrer noopener\">Number1Complex,<\/a> Bienne&nbsp;<br><a href=\"https:\/\/www.lcbasel.ch\" target=\"_blank\" rel=\"noreferrer noopener\">LC B\u00e2le<br><\/a><a href=\"http:\/\/www.ehcb.ch\" target=\"_blank\" rel=\"noreferrer noopener\">HC Bienne<br><\/a><a href=\"https:\/\/www.ehcb-spirit.ch\/de\/\" target=\"_blank\" rel=\"noreferrer noopener\">HC Bienne Spirit<\/a><a href=\"http:\/\/www.ehcb.ch\" target=\"_blank\" rel=\"noreferrer noopener\"><br><\/a><a href=\"https:\/\/fcaarau.ch\" target=\"_blank\" rel=\"noreferrer noopener\">FC Aarau<br><\/a><a href=\"https:\/\/www.ehc-visp.ch\/web\/\" target=\"_blank\" rel=\"noreferrer noopener\">HC Vi\u00e8ge<br><\/a><a href=\"https:\/\/www.mujinga.ch\" target=\"_blank\" rel=\"noreferrer noopener\">Mujinga Kambundji<br><\/a><a href=\"https:\/\/joanahaehlen.ch\/de\/joana\" target=\"_blank\" rel=\"noreferrer noopener\">Joana H\u00e4hlen<br><\/a><a href=\"https:\/\/jeanninegmelin.ch\" target=\"_blank\" rel=\"noreferrer noopener\">Jeannine Gmelin<\/a><a href=\"https:\/\/joanahaehlen.ch\/de\/joana\" target=\"_blank\" rel=\"noreferrer noopener\"><br><\/a><a href=\"https:\/\/www.fcvaduz.li\" target=\"_blank\" rel=\"noreferrer noopener\">FC Vaduz&nbsp;<\/a><br><a href=\"https:\/\/www.lvfrenke.ch\" target=\"_blank\" rel=\"noreferrer noopener\">LV Frenke<\/a><br><a href=\"https:\/\/www.sclangenthal.ch\" target=\"_blank\" rel=\"noreferrer noopener\">SC Langenthal<br><\/a><a href=\"http:\/\/lnsa.lt\" target=\"_blank\" rel=\"noreferrer noopener\">Equipe nationale de ski de Lituanie<br><\/a><a href=\"https:\/\/www.fclugano.com\" target=\"_blank\" rel=\"noreferrer noopener\">FC Lugano&nbsp;<\/a><\/p>\n\n\n\n<h2 class=\"wp-block-heading\" id=\"crossfit\">CrossFit :&nbsp;<\/h2>\n\n\n\n<p><a href=\"https:\/\/crossfitbiel-bienne.com\/de\/\" target=\"_blank\" rel=\"noreferrer noopener\">CrossFit Bienne&nbsp;<br><\/a><a href=\"http:\/\/www.crossfitbasel.ch\" target=\"_blank\" rel=\"noreferrer noopener\">CrossFit B\u00e2le<\/a><a href=\"https:\/\/crossfitbiel-bienne.com\/de\/\" target=\"_blank\" rel=\"noreferrer noopener\"><br><\/a><a href=\"https:\/\/crossfithorgen.ch\" target=\"_blank\" rel=\"noreferrer noopener\">CrossFit Horgen&nbsp;<br><\/a><a href=\"http:\/\/www.crossfit-timeout.ch\" target=\"_blank\" rel=\"noreferrer noopener\">CrossFit Time Out Lausen<br><\/a><a href=\"https:\/\/crossfitwhitewolf.ch\" target=\"_blank\" rel=\"noreferrer noopener\">CrossFit White Wolf B\u00e2le<br><\/a><a href=\"http:\/\/www.crossfit11.ch\" target=\"_blank\" rel=\"noreferrer noopener\">CrossFit \u00d6uf<br><\/a><a href=\"https:\/\/crossfitabtwil.ch\" target=\"_blank\" rel=\"noreferrer noopener\">CrossFit Abtwil<br><\/a><a href=\"https:\/\/www.crossfit1352.ch\" target=\"_blank\" rel=\"noreferrer noopener\">CrossFit1352 Cham<\/a><br><a href=\"http:\/\/www.crossfituzwil.ch\/home.htm\" target=\"_blank\" rel=\"noreferrer noopener\">CrossFit Uzwil<br><\/a><a href=\"http:\/\/www.crossfit-olten.com\" target=\"_blank\" rel=\"noreferrer noopener\">CrossFit Olten<\/a><br><a href=\"http:\/\/www.crossfit-vnkn.com\" target=\"_blank\" rel=\"noreferrer noopener\">CrossFit VNKN St. Johann in Tirol<\/a> (Autriche)<br><a href=\"https:\/\/crossfitmeilen.ch\" target=\"_blank\" rel=\"noreferrer noopener\">CrossFit miles<\/a><br><a href=\"https:\/\/www.sioncrossfit.com\" target=\"_blank\" rel=\"noreferrer noopener\">CrossFit Sion<br><\/a><a href=\"http:\/\/www.crossfitkreis9.ch\/german\/\" target=\"_blank\" rel=\"noreferrer noopener\">CrossFit arrondissement 9 Zurich<\/a><br><a href=\"http:\/\/www.crossfit11.ch\" target=\"_blank\" rel=\"noreferrer noopener\">CrossFit11 Zuchwil<\/a><br><a href=\"https:\/\/www.crossfit-lausanne.ch\" target=\"_blank\" rel=\"noreferrer noopener\">CrossFit Lausanne<\/a><br><a href=\"http:\/\/crossfitlugano.com\/web\/\" target=\"_blank\" rel=\"noreferrer noopener\">CrossFit Lugano<br><\/a><a href=\"https:\/\/ananascrossfit.ch\/\" target=\"_blank\" rel=\"noreferrer noopener\">Ananas CrossFit Winterthur<br><\/a><a href=\"https:\/\/crossfitliestel.ch\" target=\"_blank\" rel=\"noreferrer noopener\">CrossFit Liestel<\/a><\/p>\n\n\n\n<h2 class=\"wp-block-heading\" id=\"fitnessstudios\">les centres de fitness :&nbsp;<\/h2>\n\n\n\n<p><a href=\"http:\/\/jayspowerhouse.ch\" target=\"_blank\" rel=\"noreferrer noopener\">La maison du pouvoir de Jay<\/a>, Villmergen &nbsp;<br><a href=\"https:\/\/motionsports.ch\" target=\"_blank\" rel=\"noreferrer noopener\">Motion Sports Club<\/a>, Wangen bei Olten<br><a href=\"http:\/\/www.fitnessfactory24.ch\" target=\"_blank\" rel=\"noreferrer noopener\">FitnessFactory24<\/a>, Bubendorf<br><a href=\"http:\/\/s-m-a-a.ch\" target=\"_blank\" rel=\"noreferrer noopener\">Acad\u00e9mie suisse d'arts martiaux<\/a>, Liestal<br><a href=\"http:\/\/www.fit-4-ever.ch\" target=\"_blank\" rel=\"noreferrer noopener\">Fit4ever<\/a>, Sissach<br><a href=\"http:\/\/fitnessrebellen.ch\" target=\"_blank\" rel=\"noreferrer noopener\">Rebelles du fitness<\/a>, Saint-Gall<br><a href=\"http:\/\/mikefit.ch\" target=\"_blank\" rel=\"noreferrer noopener\">MikeFit<\/a>, Baar<br><a href=\"http:\/\/www.kraftkern.ch\" target=\"_blank\" rel=\"noreferrer noopener\">Noyau de force<\/a>, F\u00fcllinsdorf<br><a href=\"http:\/\/fit-it.ch\" target=\"_blank\" rel=\"noreferrer noopener\">Fit It<\/a>, Kaiseraugst<br><a href=\"http:\/\/www.move-it-lausen.ch\" target=\"_blank\" rel=\"noreferrer noopener\">Bougez-le<\/a>, Lausen<br><a href=\"http:\/\/studio-balance.ch\" target=\"_blank\" rel=\"noreferrer noopener\">Balance<\/a>, Gelterkinden<br><a href=\"https:\/\/www.trainsane.ch\/das-gym\/\" target=\"_blank\" rel=\"noreferrer noopener\">Trainsane Gym<\/a>, Ostermundingen<br><a href=\"http:\/\/www.powergym.ch\/powergymsh.php\" target=\"_blank\" rel=\"noreferrer noopener\">PowerGym<\/a>, Schaffhouse<br><a href=\"http:\/\/genesis-gym.ch\" target=\"_blank\" rel=\"noreferrer noopener\">Genesis Gym<\/a>, Rheinfelden<br><a href=\"https:\/\/staempfligym.ch\" target=\"_blank\" rel=\"noreferrer noopener\">Staempfligym<\/a>, Bellach<br><a href=\"http:\/\/www.doberfitness.ch\/index.php\" target=\"_blank\" rel=\"noreferrer noopener\">Dober Fitness<\/a>, Goldau<br><a href=\"http:\/\/fit24.ch\" target=\"_blank\" rel=\"noreferrer noopener\">Fit24<\/a>, F\u00fcllinsdorf<br><a href=\"https:\/\/nrggym.ch\" target=\"_blank\" rel=\"noreferrer noopener\">NRG Gym&nbsp;<\/a><br><a href=\"https:\/\/www.wellcomefit.ch\" target=\"_blank\" rel=\"noreferrer noopener\">Welcome Fit&nbsp;<br><\/a><a href=\"https:\/\/www.selfgym.ch\" target=\"_blank\" rel=\"noreferrer noopener\">Self Gym<\/a>, Zuchwil<br><a href=\"http:\/\/www.fitnesscenter-mels.ch\" target=\"_blank\" rel=\"noreferrer noopener\">Centre de fitness de Mels<\/a>, Mels&nbsp;<br><a href=\"http:\/\/www.fit-treff-ruderbach.ch\" target=\"_blank\" rel=\"noreferrer noopener\">Fit-Treff Ruderbach<\/a>, Ruderbach<br><a href=\"http:\/\/www.ropefitness.ch\" target=\"_blank\" rel=\"noreferrer noopener\">Force et athl\u00e9tisme \u00e0 la corde<\/a>, Berne<br><a href=\"http:\/\/www.ropefitness.ch\" target=\"_blank\" rel=\"noreferrer noopener\">Next Level Sports Club<\/a>, Zurich<br><a href=\"http:\/\/www.fitnessfactory24.ch\" target=\"_blank\" rel=\"noreferrer noopener\">Fitnessfactory24<\/a>, Bubendorf<br><a href=\"https:\/\/www.pro-fitness.ch\" target=\"_blank\" rel=\"noreferrer noopener\">ProFitness<\/a>, Muri<br><a href=\"https:\/\/www.lyssparkfitness.ch\" target=\"_blank\" rel=\"noreferrer noopener\">Lysspark Fitness<\/a>, Lyss<br><a href=\"http:\/\/r-nold.ch\" target=\"_blank\" rel=\"noreferrer noopener\">Club de fitness R-Nold<\/a>, fontaine<br><a href=\"https:\/\/www.nicasgym.ch\" target=\"_blank\" rel=\"noreferrer noopener\">NicasGym<\/a>, Altdorf&nbsp;<br><a href=\"https:\/\/www.jumpfitness.ch\/studios\/rietli\" target=\"_blank\" rel=\"noreferrer noopener\">Jump Fitness<\/a>, Goldach<br><a href=\"http:\/\/www.powergym.ch\/powergymthun.php\" target=\"_blank\" rel=\"noreferrer noopener\">PowerGym<\/a>, Thoune<br><a href=\"http:\/\/www.eight-on.ch\" target=\"_blank\" rel=\"noreferrer noopener\">Eight On<\/a>, B\u00e2le<br><a href=\"http:\/\/ifp-basel.com\" target=\"_blank\" rel=\"noreferrer noopener\">Parcours de fitness en salle<\/a>, B\u00e2le<br><a href=\"https:\/\/www.sportstudio-felben.ch\" target=\"_blank\" rel=\"noreferrer noopener\">Studio de sport Felben<\/a><br><a href=\"https:\/\/www.balsthalgym.ch\" target=\"_blank\" rel=\"noreferrer noopener\">Balsthal Gym<\/a><br><a href=\"https:\/\/www.body-move.ch\/aesch\/\" target=\"_blank\" rel=\"noreferrer noopener\">BodyMove Aesch<\/a><br><a href=\"https:\/\/www.body-move.ch\/allschwil\/\" target=\"_blank\" rel=\"noreferrer noopener\">BodyMove Allschwil<\/a><br><a href=\"https:\/\/www.jaypersonaltraining.ch\/?gclid=EAIaIQobChMIzMGtvtyt4wIVSaWaCh1qRgsnEAAYASAAEgJVgPD_BwE\" target=\"_blank\" rel=\"noreferrer noopener\">Formation personnelle JAY<\/a>, Zurich&nbsp;<br><a href=\"https:\/\/www.spf24.ch\" target=\"_blank\" rel=\"noreferrer noopener\">SPF24<\/a>, Regensdorf<br><a href=\"https:\/\/indigofitness.ch\/zuerich\/\" target=\"_blank\" rel=\"noreferrer noopener\">Indigo Fitness<\/a>, Zurich<br><a href=\"https:\/\/www.hcgym.com\/de\/\" target=\"_blank\" rel=\"noreferrer noopener\">Gym hardcore<\/a>, Aarau<br><a href=\"https:\/\/de.barbellsandplates.com\" target=\"_blank\" rel=\"noreferrer noopener\">Barbells &amp; Plates<\/a>, W\u00e4denswil<\/p>\n\n\n\n<h2 class=\"wp-block-heading\" id=\"kampfsport\">Arts martiaux&nbsp;<\/h2>\n\n\n\n<p><a href=\"https:\/\/www.nobleartboxingcenter.ch\" target=\"_blank\" rel=\"noreferrer noopener\">Centre de boxe Noble Art<\/a>, Frenkendorf<br><a href=\"https:\/\/arnoldboxfit.ch\" target=\"_blank\" rel=\"noreferrer noopener\">Arnold Boxfit Training<\/a>, Pratteln<\/p>\n\n\n\n<h2 class=\"wp-block-heading\" id=\"hotellerie\">H\u00f4tellerie&nbsp;<\/h2>\n\n\n\n<p><a href=\"https:\/\/www.lenkerhof.ch\" target=\"_blank\" rel=\"noreferrer noopener\">Lenkerhof gourmet spa resort *****<\/a>&nbsp;, Lenk<br><a href=\"https:\/\/www.a-rosa-resorts.de\/a-rosa\/resorts-hotels\/kitzbuehel\/hotel-kitzbuehel.html\" target=\"_blank\" rel=\"noreferrer noopener\">A-ROSA Kitzb\u00fchel *****<\/a> , Kitzb\u00fchel (AT)<\/p>\n\n\n\n<h2 class=\"wp-block-heading\" id=\"diverse\">Divers&nbsp;<\/h2>\n\n\n\n<p>D\u00e9partement f\u00e9d\u00e9ral de la d\u00e9fense, de la protection de la population et des sports DDPS<br>Physioth\u00e9rapie MOVE, Olten&nbsp;<br>Maison de retraite et de soins Stiftung Lohner, Adelboden<br>Golf Club du Geneve, Gen\u00e8ve<br>Golf Fit, Puidoux<br>Plate-forme de formation personnelle B\u00e2le<br>Police cantonale de Zurich<br>Forces a\u00e9riennes Commandement de l'a\u00e9rodrome de Payerne&nbsp;<br>Police cantonale bernoise<br>ASVZ<br>Police cantonale de Saint-Gall<br>Administration municipale d'Amriswil<br>\u00c9cole cantonale d'Enge<br>Physioth\u00e9rapie Burgdorf Christian Keller AG<br>Sentidos Physio Physioth\u00e9rapie Burgdorf Christian Keller AG<br>Physio-Ost Tr\u00fcbbach<br>Universit\u00e9 de B\u00e2le<\/p>\n\n\n\n<h2 class=\"wp-block-heading\" id=\"firmenfitness\">Fitness d'entreprise&nbsp;<\/h2>\n\n\n\n<p>Clariant AG<br>Groupe d'assurance Zurich<br>SAM Assurance SA<br>Steiner BUS AG<\/p>","protected":false},"excerpt":{"rendered":"<p>Fitness-Flohmarkt vertreibt seit 2016 professionelles Fitnessequipment \u2013 sowohl neue als auch gebrauchte \u2013 und ist bereits in zahlreichen Schweizer Fitnessstudios, Sportst\u00e4tten, Vereinsr\u00e4umen und Haushalten zu finden. Zu unseren gesch\u00e4tzten Kunden z\u00e4hlen zahlreiche renommierte Vereine, Athleten und Fitnessstudios. Zufriedene Kunden sind die beste Werbung \u2013 wir sind auch nach dem Kauf f\u00fcr dich da und finden [&hellip;]<\/p>\n","protected":false},"author":1,"featured_media":0,"parent":0,"menu_order":0,"comment_status":"closed","ping_status":"closed","template":"","meta":{"_acf_changed":false,"_gspb_post_css":"","footnotes":""},"class_list":["post-6016","page","type-page","status-publish","hentry"],"blocksy_meta":[],"acf":[],"_links":{"self":[{"href":"https:\/\/www.fitness-flohmarkt.ch\/fr\/wp-json\/wp\/v2\/pages\/6016","targetHints":{"allow":["GET"]}}],"collection":[{"href":"https:\/\/www.fitness-flohmarkt.ch\/fr\/wp-json\/wp\/v2\/pages"}],"about":[{"href":"https:\/\/www.fitness-flohmarkt.ch\/fr\/wp-json\/wp\/v2\/types\/page"}],"author":[{"embeddable":true,"href":"https:\/\/www.fitness-flohmarkt.ch\/fr\/wp-json\/wp\/v2\/users\/1"}],"replies":[{"embeddable":true,"href":"https:\/\/www.fitness-flohmarkt.ch\/fr\/wp-json\/wp\/v2\/comments?post=6016"}],"version-history":[{"count":3,"href":"https:\/\/www.fitness-flohmarkt.ch\/fr\/wp-json\/wp\/v2\/pages\/6016\/revisions"}],"predecessor-version":[{"id":9015211,"href":"https:\/\/www.fitness-flohmarkt.ch\/fr\/wp-json\/wp\/v2\/pages\/6016\/revisions\/9015211"}],"wp:attachment":[{"href":"https:\/\/www.fitness-flohmarkt.ch\/fr\/wp-json\/wp\/v2\/media?parent=6016"}],"curies":[{"name":"wp","href":"https:\/\/api.w.org\/{rel}","templated":true}]}}