{"id":6012,"date":"2025-02-06T13:35:36","date_gmt":"2025-02-06T12:35:36","guid":{"rendered":"https:\/\/www2.fitness-flohmarkt.ch\/?page_id=6012"},"modified":"2025-04-03T18:58:40","modified_gmt":"2025-04-03T16:58:40","slug":"reservation-de-rendez-vous-showroom","status":"publish","type":"page","link":"https:\/\/www.fitness-flohmarkt.ch\/fr\/terminbuchung-showroom\/","title":{"rendered":"Prendre rendez-vous au showroom"},"content":{"rendered":"<div class=\"wp-block-greenshift-blocks-row gspb_row gspb_row-id-gsbp-785470b\" id=\"gspb_row-id-gsbp-785470b\"><div class=\"gspb_row__content\"> \n<div class=\"wp-block-greenshift-blocks-row-column gspb_row__col--12 gspb_col-id-gsbp-4c50d63\" id=\"gspb_col-id-gsbp-4c50d63\">\n<div class=\"wp-block-greenshift-blocks-container gspb_container gspb_container-gsbp-5ea03cb\" id=\"gspb_container-id-gsbp-5ea03cb\">\n<h2 id=\"gspb_heading-id-gsbp-430e30b\" class=\"gspb_heading gspb_heading-id-gsbp-430e30b\">Prendre rendez-vous au showroom<\/h2>\n<\/div>\n<\/div>\n <\/div><\/div>\n\n\n\n<div id=\"gspb_text-id-gsbp-56cf465\" class=\"gspb_text gspb_text-id-gsbp-56cf465\">Passe nous voir et teste notre offre vari\u00e9e. Qu'il s'agisse de produits neufs ou d'occasion, nous te conseillons volontiers personnellement. Pour que nous puissions pr\u00e9parer les produits que tu souhaites, n'h\u00e9site pas \u00e0 nous indiquer les produits qui t'int\u00e9ressent lors de la r\u00e9servation du rendez-vous. Nous nous r\u00e9jouissons de ta visite !<\/div>\n\n\n<style>\n            :root {\n                --fcal_primary_color: var(--theme-palette-color-1, #ef2d32) !important;\n                --fcal_date_radius: 4px !important;\n                --fcal_avatar_radius: 8px !important;\n            }\n        <\/style><div class=\"fluent-booking-calendar-block align\"><div class=\"fcal_cal_wrap fcal-light-mode\">\n    <div class=\"fluent_booking_app\" data-calendar_id=\"2\"\n         data-event_id=\"7\"><\/div>\n    <\/div>\n\n<style>\n    .fcal_phone_wrapper .flag {\n        background: url(https:\/\/www.fitness-flohmarkt.ch\/wp-content\/plugins\/fluent-booking\/assets\/images\/flags_responsive.png) no-repeat;\n        background-size: 100%;\n    }\n<\/style>\n<\/div>\n\n\n<p><\/p>","protected":false},"excerpt":{"rendered":"","protected":false},"author":1,"featured_media":0,"parent":0,"menu_order":0,"comment_status":"closed","ping_status":"closed","template":"","meta":{"_acf_changed":false,"_gspb_post_css":"#gspb_row-id-gsbp-785470b{justify-content:space-between;margin-top:0;display:flex;flex-wrap:wrap;margin-bottom:0;background-size:cover;background-position:50% 50%;background-image:url(https:\/\/www.fitness-flohmarkt.ch\/wp-content\/uploads\/termin_showroom.jpg)}#gspb_row-id-gsbp-785470b>.gspb_row__content{display:flex;justify-content:space-between;margin:0 auto;width:100%;flex-wrap:wrap}.gspb_row{position:relative}div[id^=gspb_col-id]{box-sizing:border-box;position:relative;padding:var(--gs-row-column-padding, 15px min(3vw, 20px))}body.gspb-bodyfront #gspb_row-id-gsbp-785470b>.gspb_row__content{width:var(--theme-container-width, 1200px);max-width:var(--theme-normal-container-max-width, 1200px)}#gspb_row-id-gsbp-785470b:hover{background-size:cover}#gspb_col-id-gsbp-4c50d63.gspb_row__col--12{width:100%}@media (max-width:575.98px){#gspb_col-id-gsbp-4c50d63.gspb_row__col--12{width:100%}}.gspb_row #gspb_col-id-gsbp-4c50d63.gspb_row__col--12{margin:80px 20px;padding:0}@media (max-width:575.98px){.gspb_row #gspb_col-id-gsbp-4c50d63.gspb_row__col--12{margin-right:0;margin-left:0}}.gspb_container-id-gsbp-5ea03cb{flex-direction:column;box-sizing:border-box}#gspb_container-id-gsbp-5ea03cb.gspb_container>p:last-of-type{margin-bottom:0}#gspb_container-id-gsbp-5ea03cb.gspb_container{position:relative;display:flex;justify-content:center;align-content:center;align-items:center;margin:0;padding:0}#gspb_heading-id-gsbp-430e30b{font-size:var(--wp--preset--font-size--medium)!important;color:var(--wp--preset--color--palette-color-8, var(--theme-palette-color-8, #ffffff));margin:0;padding:20px}@media (max-width:575.98px){#gspb_heading-id-gsbp-430e30b{padding:10px}}#gspb_heading-id-gsbp-430e30b{background-color:var(--wp--preset--color--palette-color-2, var(--theme-palette-color-2, #ef2d32))}.gspb_text-id-gsbp-56cf465{margin-top:30px!important;margin-bottom:30px!important}","footnotes":""},"class_list":["post-6012","page","type-page","status-publish","hentry"],"blocksy_meta":{"has_hero_section":"disabled","styles_descriptor":{"styles":{"desktop":"","tablet":"","mobile":""},"google_fonts":[],"version":6}},"acf":[],"_links":{"self":[{"href":"https:\/\/www.fitness-flohmarkt.ch\/fr\/wp-json\/wp\/v2\/pages\/6012","targetHints":{"allow":["GET"]}}],"collection":[{"href":"https:\/\/www.fitness-flohmarkt.ch\/fr\/wp-json\/wp\/v2\/pages"}],"about":[{"href":"https:\/\/www.fitness-flohmarkt.ch\/fr\/wp-json\/wp\/v2\/types\/page"}],"author":[{"embeddable":true,"href":"https:\/\/www.fitness-flohmarkt.ch\/fr\/wp-json\/wp\/v2\/users\/1"}],"replies":[{"embeddable":true,"href":"https:\/\/www.fitness-flohmarkt.ch\/fr\/wp-json\/wp\/v2\/comments?post=6012"}],"version-history":[{"count":18,"href":"https:\/\/www.fitness-flohmarkt.ch\/fr\/wp-json\/wp\/v2\/pages\/6012\/revisions"}],"predecessor-version":[{"id":9015239,"href":"https:\/\/www.fitness-flohmarkt.ch\/fr\/wp-json\/wp\/v2\/pages\/6012\/revisions\/9015239"}],"wp:attachment":[{"href":"https:\/\/www.fitness-flohmarkt.ch\/fr\/wp-json\/wp\/v2\/media?parent=6012"}],"curies":[{"name":"wp","href":"https:\/\/api.w.org\/{rel}","templated":true}]}}