{"id":6006,"date":"2025-02-06T13:34:53","date_gmt":"2025-02-06T12:34:53","guid":{"rendered":"https:\/\/www2.fitness-flohmarkt.ch\/?page_id=6006"},"modified":"2025-04-04T17:02:03","modified_gmt":"2025-04-04T15:02:03","slug":"faq","status":"publish","type":"page","link":"https:\/\/www.fitness-flohmarkt.ch\/fr\/faq\/","title":{"rendered":"FAQ"},"content":{"rendered":"<h3 id=\"gspb_heading-id-gsbp-bedba60\" class=\"gspb_heading gspb_heading-id-gsbp-bedba60\">Commande<\/h3>\n\n\n\n<div class=\"wp-block-greenshift-blocks-accordion gs-accordion gspb_accordion-id-gsbp-b52b16c\" id=\"gspb_accordion-id-gsbp-b52b16c\" >\n<div class=\"wp-block-greenshift-blocks-accordionitem gs-accordion-item gspb_accordionitem-gsbp-025a275 gsclose\" id=\"gspb_accordionitem-gsbp-025a275\" itemscope><div id=\"gs-trigger-gsbp-b52b16c-0\" class=\"gs-accordion-item__title\" aria-expanded=\"false\" role=\"button\" tabindex=\"0\" aria-controls=\"gspb-accordion-item-content-gsbp-025a275\"><div class=\"gs-accordion-item__heading\"><strong>Puis-je r\u00e9server \u00e0 l'avance des articles que j'aimerais acheter ?\u00a0<\/strong><\/div><meta itemprop=\"name\" content=\"<strong&gt;Kann ich Artikel, die ich gerne kaufen w\u00fcrde, vorab reservieren?\u00a0<\/strong&gt;\"\/><span class=\"iconfortoggle\"><span class=\"gs-iconbefore\"><\/span><span class=\"gs-iconafter\"><\/span><\/span><\/div><div aria-labelledby=\"gs-trigger-gsbp-b52b16c-0\" class=\"gs-accordion-item__content\" itemscope id=\"gspb-accordion-item-content-gsbp-025a275\" ><div class=\"gs-accordion-item__text\" itemprop=\"text\">\n<p>Il n'est malheureusement pas possible de r\u00e9server chez nous - premier arriv\u00e9, premier servi. Nous ne pouvons pas non plus accepter les pr\u00e9-commandes.<\/p>\n\n\n\n<div class=\"wp-block-greenshift-blocks-infobox gspb_infoBox gspb_infoBox-id-gsbp-a4359bf\" id=\"gspb_infoBox-id-gsbp-a4359bf\"><div class=\"gs-box update_type\"><div class=\"gs-box-icon\"><\/div><div class=\"gs-box-text\">\n<p>Astuce : pour chaque article qui est \u00e9puis\u00e9, tu peux laisser ton adresse e-mail directement sur notre page d'accueil. D\u00e8s que nous aurons \u00e0 nouveau l'article disponible, tu recevras automatiquement un e-mail.<\/p>\n<\/div><\/div><\/div>\n<\/div><\/div><\/div>\n<\/div>\n\n\n\n<div class=\"wp-block-greenshift-blocks-accordion gs-accordion gspb_accordion-id-gsbp-5966419\" id=\"gspb_accordion-id-gsbp-5966419\" >\n<div class=\"wp-block-greenshift-blocks-accordionitem gs-accordion-item gspb_accordionitem-gsbp-ac4c239 gsclose\" id=\"gspb_accordionitem-gsbp-ac4c239\" itemscope><div id=\"gs-trigger-gsbp-5966419-0\" class=\"gs-accordion-item__title\" aria-expanded=\"false\" role=\"button\" tabindex=\"0\" aria-controls=\"gspb-accordion-item-content-gsbp-ac4c239\"><div class=\"gs-accordion-item__heading\"><strong><strong>Est-il possible d'acheter sur place ?\u00a0<\/strong><\/strong><\/div><meta itemprop=\"name\" content=\"<strong&gt;<strong&gt;Ist ein Einkauf vor Ort m\u00f6glich?\u00a0<\/strong&gt;<\/strong&gt;\"\/><span class=\"iconfortoggle\"><span class=\"gs-iconbefore\"><\/span><span class=\"gs-iconafter\"><\/span><\/span><\/div><div aria-labelledby=\"gs-trigger-gsbp-5966419-0\" class=\"gs-accordion-item__content\" itemscope id=\"gspb-accordion-item-content-gsbp-ac4c239\" ><div class=\"gs-accordion-item__text\" itemprop=\"text\">\n<p>Un achat sur place n'est pas possible pour le moment.<\/p>\n<\/div><\/div><\/div>\n<\/div>\n\n\n\n<h3 id=\"gspb_heading-id-gsbp-2769901\" class=\"gspb_heading gspb_heading-id-gsbp-2769901\">Livraison<\/h3>\n\n\n\n<div class=\"wp-block-greenshift-blocks-accordion gs-accordion gspb_accordion-id-gsbp-eb216d1\" id=\"gspb_accordion-id-gsbp-eb216d1\" >\n<div class=\"wp-block-greenshift-blocks-accordionitem gs-accordion-item gspb_accordionitem-gsbp-950a37f gsclose\" id=\"gspb_accordionitem-gsbp-950a37f\" itemscope><div id=\"gs-trigger-gsbp-eb216d1-0\" class=\"gs-accordion-item__title\" aria-expanded=\"false\" role=\"button\" tabindex=\"0\" aria-controls=\"gspb-accordion-item-content-gsbp-950a37f\"><div class=\"gs-accordion-item__heading\"><strong><strong>Comment savoir quand ma commande a \u00e9t\u00e9 envoy\u00e9e ? O\u00f9 puis-je voir le code de suivi postal ?\u00a0<\/strong><\/strong><\/div><meta itemprop=\"name\" content=\"<strong&gt;<strong&gt;Wie erfahre ich, wann meine Bestellung versendet worden ist? Wo sehe ich den Post-Trackingcode?\u00a0<\/strong&gt;<\/strong&gt;\"\/><span class=\"iconfortoggle\"><span class=\"gs-iconbefore\"><\/span><span class=\"gs-iconafter\"><\/span><\/span><\/div><div aria-labelledby=\"gs-trigger-gsbp-eb216d1-0\" class=\"gs-accordion-item__content\" itemscope id=\"gspb-accordion-item-content-gsbp-950a37f\" ><div class=\"gs-accordion-item__text\" itemprop=\"text\">\n<p>Tu peux \u00e0 tout moment consulter le statut actuel de ta commande ainsi que les codes de suivi dans ton compte d'utilisateur sur Fitness-Flohmarkt.ch.<\/p>\n<\/div><\/div><\/div>\n<\/div>\n\n\n\n<div class=\"wp-block-greenshift-blocks-accordion gs-accordion gspb_accordion-id-gsbp-07b4543\" id=\"gspb_accordion-id-gsbp-07b4543\" >\n<div class=\"wp-block-greenshift-blocks-accordionitem gs-accordion-item gspb_accordionitem-gsbp-e61457c gsclose\" id=\"gspb_accordionitem-gsbp-e61457c\" itemscope><div id=\"gs-trigger-gsbp-07b4543-0\" class=\"gs-accordion-item__title\" aria-expanded=\"false\" role=\"button\" tabindex=\"0\" aria-controls=\"gspb-accordion-item-content-gsbp-e61457c\"><div class=\"gs-accordion-item__heading\"><strong><strong><strong>Ma commande a \u00e9t\u00e9 livr\u00e9e, mais la livraison n'est pas compl\u00e8te. Comment dois-je proc\u00e9der ?\u00a0<\/strong><\/strong><\/strong><\/div><meta itemprop=\"name\" content=\"<strong&gt;<strong&gt;<strong&gt;Meine Bestellung wurde geliefert, jedoch ist die Lieferung nicht vollst\u00e4ndig. Wie muss ich vorgehen?\u00a0<\/strong&gt;<\/strong&gt;<\/strong&gt;\"\/><span class=\"iconfortoggle\"><span class=\"gs-iconbefore\"><\/span><span class=\"gs-iconafter\"><\/span><\/span><\/div><div aria-labelledby=\"gs-trigger-gsbp-07b4543-0\" class=\"gs-accordion-item__content\" itemscope id=\"gspb-accordion-item-content-gsbp-e61457c\" ><div class=\"gs-accordion-item__text\" itemprop=\"text\">\n<p>Nous rencontrons malheureusement souvent ce probl\u00e8me - nous envoyons tous les colis avec la Poste suisse. Celle-ci autorise un poids maximum de 30 kg par paquet - par cons\u00e9quent, nous devons souvent faire plusieurs paquets pour une commande. En m\u00eame temps, un envoi PostPac Priority (courrier A) est g\u00e9n\u00e9ralement livr\u00e9 le jour ouvrable suivant - mais pas obligatoirement.&nbsp;<\/p>\n\n\n\n<p>Pour faire court : une partie de ton envoi est probablement encore en route et devrait arriver chez toi dans les prochaines 48h. Si ce n'est pas le cas, n'h\u00e9site pas \u00e0 nous contacter \u00e0 nouveau.<\/p>\n<\/div><\/div><\/div>\n\n\n\n<div class=\"wp-block-greenshift-blocks-accordionitem gs-accordion-item gspb_accordionitem-gsbp-da9d975 gsclose\" id=\"gspb_accordionitem-gsbp-da9d975\" itemscope><div id=\"gs-trigger-gsbp-07b4543-1\" class=\"gs-accordion-item__title\" aria-expanded=\"false\" role=\"button\" tabindex=\"0\" aria-controls=\"gspb-accordion-item-content-gsbp-da9d975\"><div class=\"gs-accordion-item__heading\"><strong><strong><strong>Ma commande n'a pas \u00e9t\u00e9 livr\u00e9e ou est arriv\u00e9e d\u00e9fectueuse. Que dois-je faire ?\u00a0<\/strong><\/strong><\/strong><\/div><meta itemprop=\"name\" content=\"<strong&gt;<strong&gt;<strong&gt;Meine Bestellung wurde nicht geliefert oder ist defekt angekommen. Was muss ich tun?\u00a0<\/strong&gt;<\/strong&gt;<\/strong&gt;\"\/><span class=\"iconfortoggle\"><span class=\"gs-iconbefore\"><\/span><span class=\"gs-iconafter\"><\/span><\/span><\/div><div aria-labelledby=\"gs-trigger-gsbp-07b4543-1\" class=\"gs-accordion-item__content\" itemscope id=\"gspb-accordion-item-content-gsbp-da9d975\" ><div class=\"gs-accordion-item__text\" itemprop=\"text\">\n<p>Si ta commande n'est pas arriv\u00e9e au bout de 4 jours ouvrables ou si la marchandise est arriv\u00e9e endommag\u00e9e chez toi, contacte-nous imm\u00e9diatement. Les marchandises perdues ou endommag\u00e9es envoy\u00e9es par la poste doivent \u00eatre signal\u00e9es dans les 8 jours. Dans le cas contraire, la responsabilit\u00e9 de la Poste s'\u00e9teint et nous ne pouvons malheureusement pas prendre d'autres mesures. Cependant, cela ne s'applique que si la marchandise a \u00e9t\u00e9 clairement endommag\u00e9e par l'envoi.<\/p>\n<\/div><\/div><\/div>\n<\/div>\n\n\n\n<h3 id=\"gspb_heading-id-gsbp-443e202\" class=\"gspb_heading gspb_heading-id-gsbp-443e202\">Service<\/h3>\n\n\n\n<div class=\"wp-block-greenshift-blocks-accordion gs-accordion gspb_accordion-id-gsbp-79b68fe\" id=\"gspb_accordion-id-gsbp-79b68fe\" >\n<div class=\"wp-block-greenshift-blocks-accordionitem gs-accordion-item gspb_accordionitem-gsbp-587aaec gsclose\" id=\"gspb_accordionitem-gsbp-587aaec\" itemscope><div id=\"gs-trigger-gsbp-79b68fe-0\" class=\"gs-accordion-item__title\" aria-expanded=\"false\" role=\"button\" tabindex=\"0\" aria-controls=\"gspb-accordion-item-content-gsbp-587aaec\"><div class=\"gs-accordion-item__heading\"><strong><strong><strong><strong>Puis-je retourner un article si je n'en ai plus besoin ?\u00a0<\/strong><\/strong><\/strong><\/strong><\/div><meta itemprop=\"name\" content=\"<strong&gt;<strong&gt;<strong&gt;<strong&gt;Kann ich einen Artikel zur\u00fcckgeben, wenn ich ihn nun doch nicht mehr ben\u00f6tige?\u00a0<\/strong&gt;<\/strong&gt;<\/strong&gt;<\/strong&gt;\"\/><span class=\"iconfortoggle\"><span class=\"gs-iconbefore\"><\/span><span class=\"gs-iconafter\"><\/span><\/span><\/div><div aria-labelledby=\"gs-trigger-gsbp-79b68fe-0\" class=\"gs-accordion-item__content\" itemscope id=\"gspb-accordion-item-content-gsbp-587aaec\" ><div class=\"gs-accordion-item__text\" itemprop=\"text\">\n<p>Comme nous vendons aussi bien des produits neufs que des fins de s\u00e9rie et des marchandises d'occasion et que notre structure (PME) est tr\u00e8s simplifi\u00e9e, nous devons limiter fortement notre cadre administratif - c'est la seule fa\u00e7on de proposer des prix imbattables (dans toute l'Europe) tout en rendant notre entreprise rentable. C'est pourquoi nous ne pouvons malheureusement pas accepter de retours ni d'\u00e9changes de marchandises, sauf en cas de faute de notre part (livraison incorrecte, marchandise d\u00e9fectueuse, etc.).<\/p>\n<\/div><\/div><\/div>\n\n\n\n<div class=\"wp-block-greenshift-blocks-accordionitem gs-accordion-item gspb_accordionitem-gsbp-22fdfa1 gsclose\" id=\"gspb_accordionitem-gsbp-22fdfa1\" itemscope><div id=\"gs-trigger-gsbp-79b68fe-1\" class=\"gs-accordion-item__title\" aria-expanded=\"false\" role=\"button\" tabindex=\"0\" aria-controls=\"gspb-accordion-item-content-gsbp-22fdfa1\"><div class=\"gs-accordion-item__heading\"><strong><strong><strong><strong>Un article est incomplet, pr\u00e9sente des d\u00e9fauts ou est d\u00e9fectueux - comment dois-je proc\u00e9der ?<\/strong><\/strong><\/strong><\/strong><\/div><meta itemprop=\"name\" content=\"<strong&gt;<strong&gt;<strong&gt;<strong&gt;Ein Artikel ist unvollst\u00e4ndig, hat M\u00e4ngel oder ist defekt \u2013 Wie soll ich vorgehen?<\/strong&gt;<\/strong&gt;<\/strong&gt;<\/strong&gt;\"\/><span class=\"iconfortoggle\"><span class=\"gs-iconbefore\"><\/span><span class=\"gs-iconafter\"><\/span><\/span><\/div><div aria-labelledby=\"gs-trigger-gsbp-79b68fe-1\" class=\"gs-accordion-item__content\" itemscope id=\"gspb-accordion-item-content-gsbp-22fdfa1\" ><div class=\"gs-accordion-item__text\" itemprop=\"text\">\n<p>Il peut toujours arriver qu'un article pr\u00e9sente des d\u00e9fauts, qu'il soit incomplet ou qu'il soit endommag\u00e9 plus rapidement que pr\u00e9vu. Si tu es dans ce cas et qu'il ne s'agit pas d'un d\u00e9faut d'exp\u00e9dition, contacte-nous imm\u00e9diatement. Envoie-nous simplement des photos de l'article endommag\u00e9 ainsi que ton num\u00e9ro de commande afin que nous puissions trouver une solution rapidement.<\/p>\n<\/div><\/div><\/div>\n<\/div>\n\n\n\n<p><\/p>","protected":false},"excerpt":{"rendered":"","protected":false},"author":1,"featured_media":0,"parent":0,"menu_order":0,"comment_status":"closed","ping_status":"closed","template":"","meta":{"_acf_changed":false,"_gspb_post_css":"#gspb_accordion-id-gsbp-b52b16c .gs-accordion-item.gsclose>.gs-accordion-item__content{overflow:hidden;opacity:0}#gspb_accordion-id-gsbp-b52b16c .gs-accordion-item.gsopen>.gs-accordion-item__content{opacity:1;max-height:5000px}#gspb_accordion-id-gsbp-b52b16c .gs-accordion-item>.gs-accordion-item__title>.gs-accordion-item__heading{outline:0;text-decoration:none;margin:0!important;padding:0!important;flex-grow:1}#gspb_accordion-id-gsbp-b52b16c .gs-accordion-item>.gs-accordion-item__title{z-index:1;margin:0;cursor:pointer;transition:all .3s ease-in-out;position:relative;display:flex;justify-content:space-between;align-items:center;flex-wrap:nowrap}#gspb_accordion-id-gsbp-b52b16c .gs-accordion-item>.gs-accordion-item__content{z-index:0;position:relative;max-height:0;will-change:max-height;transition:all .25s ease-out}#gspb_accordion-id-gsbp-b52b16c .gs-accordion-item>.gs-accordion-item__title{background-color:#f9f9f9;border-style:solid;border-width:1px;border-color:#00000012}#gspb_accordion-id-gsbp-b52b16c .gs-accordion-item>.gs-accordion-item__content{background-color:#fff;border-style:solid;border-width:1px;border-color:#00000000 #00000012 #00000012}#gspb_accordion-id-gsbp-b52b16c .gs-accordion-item>.gs-accordion-item__title span.iconfortoggle{margin-left:15px;display:inline-block;height:14px;width:14px;position:relative}#gspb_accordion-id-gsbp-07b4543 .gs-accordion-item,#gspb_accordion-id-gsbp-5966419 .gs-accordion-item,#gspb_accordion-id-gsbp-79b68fe .gs-accordion-item,#gspb_accordion-id-gsbp-b52b16c .gs-accordion-item,#gspb_accordion-id-gsbp-eb216d1 .gs-accordion-item{margin-bottom:10px}#gspb_accordion-id-gsbp-b52b16c .gs-accordion-item>.gs-accordion-item__content>.gs-accordion-item__text,#gspb_accordion-id-gsbp-b52b16c .gs-accordion-item>.gs-accordion-item__title{padding:15px 20px}.gs-accordion .gs-accordion-item.gsopen .gs-accordion-item__title .gs-iconafter{transform:rotate(0)}.gs-box{padding:20px;border-left:5px solid transparent;margin-bottom:25px}.gs-box-text>p{margin-bottom:20px;margin-top:0}.gs-box-text>p:last-of-type{margin-bottom:0}.gs-box.update_type{color:#004458;background-color:#d9edf7;border:1px solid #bce8f1}#gspb_accordion-id-gsbp-5966419 .gs-accordion-item.gsclose>.gs-accordion-item__content{overflow:hidden;opacity:0}#gspb_accordion-id-gsbp-5966419 .gs-accordion-item.gsopen>.gs-accordion-item__content{opacity:1;max-height:5000px}#gspb_accordion-id-gsbp-5966419 .gs-accordion-item>.gs-accordion-item__title>.gs-accordion-item__heading{outline:0;text-decoration:none;margin:0!important;padding:0!important;flex-grow:1}#gspb_accordion-id-gsbp-5966419 .gs-accordion-item>.gs-accordion-item__title{z-index:1;margin:0;cursor:pointer;transition:all .3s ease-in-out;position:relative;display:flex;justify-content:space-between;align-items:center;flex-wrap:nowrap}#gspb_accordion-id-gsbp-5966419 .gs-accordion-item>.gs-accordion-item__content{z-index:0;position:relative;max-height:0;will-change:max-height;transition:all .25s ease-out}#gspb_accordion-id-gsbp-5966419 .gs-accordion-item>.gs-accordion-item__title{background-color:#f9f9f9;border-style:solid;border-width:1px;border-color:#00000012}#gspb_accordion-id-gsbp-5966419 .gs-accordion-item>.gs-accordion-item__content{background-color:#fff;border-style:solid;border-width:1px;border-color:#00000000 #00000012 #00000012}#gspb_accordion-id-gsbp-5966419 .gs-accordion-item>.gs-accordion-item__content>.gs-accordion-item__text,#gspb_accordion-id-gsbp-5966419 .gs-accordion-item>.gs-accordion-item__title{padding:15px 20px}#gspb_accordion-id-gsbp-eb216d1 .gs-accordion-item.gsclose>.gs-accordion-item__content{overflow:hidden;opacity:0}#gspb_accordion-id-gsbp-eb216d1 .gs-accordion-item.gsopen>.gs-accordion-item__content{opacity:1;max-height:5000px}#gspb_accordion-id-gsbp-eb216d1 .gs-accordion-item>.gs-accordion-item__title>.gs-accordion-item__heading{outline:0;text-decoration:none;margin:0!important;padding:0!important;flex-grow:1}#gspb_accordion-id-gsbp-eb216d1 .gs-accordion-item>.gs-accordion-item__title{z-index:1;margin:0;cursor:pointer;transition:all .3s ease-in-out;position:relative;display:flex;justify-content:space-between;align-items:center;flex-wrap:nowrap}#gspb_accordion-id-gsbp-eb216d1 .gs-accordion-item>.gs-accordion-item__content{z-index:0;position:relative;max-height:0;will-change:max-height;transition:all .25s ease-out}#gspb_accordion-id-gsbp-eb216d1 .gs-accordion-item>.gs-accordion-item__title{background-color:#f9f9f9;border-style:solid;border-width:1px;border-color:#00000012}#gspb_accordion-id-gsbp-eb216d1 .gs-accordion-item>.gs-accordion-item__content{background-color:#fff;border-style:solid;border-width:1px;border-color:#00000000 #00000012 #00000012}#gspb_accordion-id-gsbp-5966419 .gs-accordion-item>.gs-accordion-item__title span.iconfortoggle,#gspb_accordion-id-gsbp-eb216d1 .gs-accordion-item>.gs-accordion-item__title span.iconfortoggle{margin-left:15px;display:inline-block;height:14px;width:14px;position:relative}#gspb_accordion-id-gsbp-eb216d1 .gs-accordion-item>.gs-accordion-item__content>.gs-accordion-item__text,#gspb_accordion-id-gsbp-eb216d1 .gs-accordion-item>.gs-accordion-item__title{padding:15px 20px}#gspb_accordion-id-gsbp-07b4543 .gs-accordion-item.gsclose>.gs-accordion-item__content{overflow:hidden;opacity:0}#gspb_accordion-id-gsbp-07b4543 .gs-accordion-item.gsopen>.gs-accordion-item__content{opacity:1;max-height:5000px}#gspb_accordion-id-gsbp-07b4543 .gs-accordion-item>.gs-accordion-item__title>.gs-accordion-item__heading{outline:0;text-decoration:none;margin:0!important;padding:0!important;flex-grow:1}#gspb_accordion-id-gsbp-07b4543 .gs-accordion-item>.gs-accordion-item__title{z-index:1;margin:0;cursor:pointer;transition:all .3s ease-in-out;position:relative;display:flex;justify-content:space-between;align-items:center;flex-wrap:nowrap}#gspb_accordion-id-gsbp-07b4543 .gs-accordion-item>.gs-accordion-item__content{z-index:0;position:relative;max-height:0;will-change:max-height;transition:all .25s ease-out}#gspb_accordion-id-gsbp-07b4543 .gs-accordion-item>.gs-accordion-item__title{background-color:#f9f9f9;border-style:solid;border-width:1px;border-color:#00000012}#gspb_accordion-id-gsbp-07b4543 .gs-accordion-item>.gs-accordion-item__content{background-color:#fff;border-style:solid;border-width:1px;border-color:#00000000 #00000012 #00000012}#gspb_accordion-id-gsbp-07b4543 .gs-accordion-item>.gs-accordion-item__content>.gs-accordion-item__text,#gspb_accordion-id-gsbp-07b4543 .gs-accordion-item>.gs-accordion-item__title{padding:15px 20px}#gspb_accordion-id-gsbp-79b68fe .gs-accordion-item.gsclose>.gs-accordion-item__content{overflow:hidden;opacity:0}#gspb_accordion-id-gsbp-79b68fe .gs-accordion-item.gsopen>.gs-accordion-item__content{opacity:1;max-height:5000px}#gspb_accordion-id-gsbp-79b68fe .gs-accordion-item>.gs-accordion-item__title>.gs-accordion-item__heading{outline:0;text-decoration:none;margin:0!important;padding:0!important;flex-grow:1}#gspb_accordion-id-gsbp-79b68fe .gs-accordion-item>.gs-accordion-item__title{z-index:1;margin:0;cursor:pointer;transition:all .3s ease-in-out;position:relative;display:flex;justify-content:space-between;align-items:center;flex-wrap:nowrap}#gspb_accordion-id-gsbp-79b68fe .gs-accordion-item>.gs-accordion-item__content{z-index:0;position:relative;max-height:0;will-change:max-height;transition:all .25s ease-out}#gspb_accordion-id-gsbp-79b68fe .gs-accordion-item>.gs-accordion-item__title{background-color:#f9f9f9;border-style:solid;border-width:1px;border-color:#00000012}#gspb_accordion-id-gsbp-79b68fe .gs-accordion-item>.gs-accordion-item__content{background-color:#fff;border-style:solid;border-width:1px;border-color:#00000000 #00000012 #00000012}#gspb_accordion-id-gsbp-07b4543 .gs-accordion-item>.gs-accordion-item__title span.iconfortoggle,#gspb_accordion-id-gsbp-79b68fe .gs-accordion-item>.gs-accordion-item__title span.iconfortoggle{margin-left:15px;display:inline-block;height:14px;width:14px;position:relative}#gspb_accordion-id-gsbp-79b68fe .gs-accordion-item>.gs-accordion-item__content>.gs-accordion-item__text,#gspb_accordion-id-gsbp-79b68fe .gs-accordion-item>.gs-accordion-item__title{padding:15px 20px}.gs-accordion .gs-accordion-item__title span.iconfortoggle .gs-iconafter,.gs-accordion .gs-accordion-item__title span.iconfortoggle .gs-iconbefore{content:'';width:14px;height:2px;border-radius:2px;background-color:#111;position:absolute;top:6px;left:0}.gs-accordion .gs-accordion-item__title span.iconfortoggle .gs-iconafter{transform:rotate(90deg);transition:all .3s ease-in-out}","footnotes":""},"class_list":["post-6006","page","type-page","status-publish","hentry"],"blocksy_meta":[],"acf":[],"_links":{"self":[{"href":"https:\/\/www.fitness-flohmarkt.ch\/fr\/wp-json\/wp\/v2\/pages\/6006","targetHints":{"allow":["GET"]}}],"collection":[{"href":"https:\/\/www.fitness-flohmarkt.ch\/fr\/wp-json\/wp\/v2\/pages"}],"about":[{"href":"https:\/\/www.fitness-flohmarkt.ch\/fr\/wp-json\/wp\/v2\/types\/page"}],"author":[{"embeddable":true,"href":"https:\/\/www.fitness-flohmarkt.ch\/fr\/wp-json\/wp\/v2\/users\/1"}],"replies":[{"embeddable":true,"href":"https:\/\/www.fitness-flohmarkt.ch\/fr\/wp-json\/wp\/v2\/comments?post=6006"}],"version-history":[{"count":18,"href":"https:\/\/www.fitness-flohmarkt.ch\/fr\/wp-json\/wp\/v2\/pages\/6006\/revisions"}],"predecessor-version":[{"id":9015537,"href":"https:\/\/www.fitness-flohmarkt.ch\/fr\/wp-json\/wp\/v2\/pages\/6006\/revisions\/9015537"}],"wp:attachment":[{"href":"https:\/\/www.fitness-flohmarkt.ch\/fr\/wp-json\/wp\/v2\/media?parent=6006"}],"curies":[{"name":"wp","href":"https:\/\/api.w.org\/{rel}","templated":true}]}}