{"id":6004,"date":"2025-02-06T13:34:42","date_gmt":"2025-02-06T12:34:42","guid":{"rendered":"https:\/\/www2.fitness-flohmarkt.ch\/?page_id=6004"},"modified":"2025-04-03T15:47:10","modified_gmt":"2025-04-03T13:47:10","slug":"conditions-generales-de-vente","status":"publish","type":"page","link":"https:\/\/www.fitness-flohmarkt.ch\/fr\/allgemeine-geschaeftsbedingungen\/","title":{"rendered":"Conditions g\u00e9n\u00e9rales de vente"},"content":{"rendered":"<p><strong>\u00a7 1. g\u00e9n\u00e9ralit\u00e9s&nbsp;<\/strong><\/p>\n\n\n\n<p>Les pr\u00e9sentes conditions g\u00e9n\u00e9rales r\u00e9gissent les droits et obligations entre Fitcom AG et ses clients. Elles sont automatiquement accept\u00e9es par le client lors de la passation de commande. Toute d\u00e9rogation n'est valable que si elle a \u00e9t\u00e9 confirm\u00e9e par \u00e9crit par nos soins.<\/p>\n\n\n\n<p><strong>\u00a7 2. conditions de livraison<\/strong><\/p>\n\n\n\n<p>En l'absence de divergences confirm\u00e9es par \u00e9crit, les frais de livraison indiqu\u00e9s au point \"Exp\u00e9dition et paiement\" s'appliquent. En r\u00e8gle g\u00e9n\u00e9rale, la livraison s'effectue - sauf d\u00e9finition contraire sur la page d'accueil - dans un d\u00e9lai de deux \u00e0 quatre jours ouvrables en Suisse et est livr\u00e9e \u00e0 l'adresse indiqu\u00e9e par le client. Les jours ouvrables sont du lundi au vendredi, moins les jours f\u00e9ri\u00e9s l\u00e9gaux.<br>Si le produit command\u00e9 n'est pas disponible en stock, nous prenons contact avec le client. Le partenaire d'exp\u00e9dition est la Poste suisse. L'exp\u00e9dition s'effectue - sauf d\u00e9finition contraire par \u00e9crit ou convenue entre les parties - jusqu'au bord du trottoir du destinataire. Cela vaut pour les envois de colis par la poste ainsi que pour les livraisons par transporteur organis\u00e9es par Fitcom SA. Fitcom SA distribue ses produits exclusivement en Suisse.<\/p>\n\n\n\n<p><strong>\u00a7 3. commandes<\/strong><\/p>\n\n\n\n<p>Fitcom SA peut annuler une commande ou l'envoyer uniquement contre paiement anticip\u00e9 si le client n'est pas solvable ou s'il a une ou plusieurs factures en suspens aupr\u00e8s de Fitcom SA.<\/p>\n\n\n\n<p><strong>\u00a7 4. modes de paiement<\/strong><\/p>\n\n\n\n<p>L'achat sur facture (y compris le paiement \u00e9chelonn\u00e9) est trait\u00e9 par CembraPay AG. Les conditions suivantes s'appliquent <a href=\"https:\/\/cembrapay.ch\/de\/terms\/CP\" target=\"_blank\" rel=\"noreferrer noopener\">CONDITIONS G\u00c9N\u00c9RALES DE VENTE<\/a> et les <a href=\"https:\/\/cembrapay.ch\/de\/privacy\" target=\"_blank\" rel=\"noreferrer noopener\">D\u00e9claration de protection des donn\u00e9es de CembraPay AG<\/a>.<\/p>\n\n\n\n<p><strong>\u00a7 5. conclusion du contrat<\/strong><\/p>\n\n\n\n<p>L'acheteur s'engage \u00e0 effectuer la commande dans les conditions indiqu\u00e9es sur le site. Une \u00e9ventuelle erreur lors d'une commande doit \u00eatre imm\u00e9diatement communiqu\u00e9e \u00e0 Fitcom SA.<\/p>\n\n\n\n<p><strong>\u00a7 6. transfert de propri\u00e9t\u00e9<\/strong><\/p>\n\n\n\n<p>Si tu es consommateur, nous nous r\u00e9servons la propri\u00e9t\u00e9 de l'objet achet\u00e9 jusqu'au paiement int\u00e9gral du montant de la facture. Si tu es entrepreneur dans l'exercice de ton activit\u00e9 professionnelle commerciale ou ind\u00e9pendante, une personne morale de droit public ou un fonds sp\u00e9cial de droit public, nous nous r\u00e9servons la propri\u00e9t\u00e9 de la chose vendue jusqu'au r\u00e8glement de toutes les cr\u00e9ances encore ouvertes issues de la relation commerciale avec l'acheteur. Les droits de garantie correspondants sont transmissibles \u00e0 des tiers.<\/p>\n\n\n\n<p>Tu ne disposes d'un droit de compensation que si tes contre-pr\u00e9tentions ont \u00e9t\u00e9 constat\u00e9es comme ayant force de loi ou si elles sont incontest\u00e9es ou reconnues par nous. En outre, tu n'as un droit de r\u00e9tention que si et dans la mesure o\u00f9 ta contre-pr\u00e9tention repose sur le m\u00eame rapport contractuel.<\/p>\n\n\n\n<p>Si le client est en retard de paiement vis-\u00e0-vis de nous, toutes les cr\u00e9ances existantes deviennent imm\u00e9diatement exigibles.<\/p>\n\n\n\n<p><strong>\u00a7 7. droit de retour\/d'annulation<\/strong><\/p>\n\n\n\n<p>En principe, il n'existe pas de droit de retour sur les produits ou les services de quelque nature que ce soit. Les seules exceptions sont les d\u00e9fauts graves (qui n'ont pas \u00e9t\u00e9 mentionn\u00e9s dans la description du produit) de la marchandise livr\u00e9e ou un retard de livraison de plus de deux semaines, sans que le client en ait \u00e9t\u00e9 inform\u00e9 au pr\u00e9alable. Dans ce cas, l'acheteur a le droit de r\u00e9silier le contrat de vente. La marchandise doit \u00eatre renvoy\u00e9e \u00e0 FitCom SA. Les frais de retour sont \u00e0 la charge du client, sauf confirmation \u00e9crite contraire de la part de FitCom SA.<\/p>\n\n\n\n<p>Nous attirons explicitement l'attention sur le fait que nous vendons entre autres des marchandises d'occasion et des fins de s\u00e9rie. Pour les marchandises d'occasion, il est vivement recommand\u00e9 de les inspecter avant l'achat.<\/p>\n\n\n\n<p>Fitcom SA se r\u00e9serve explicitement le droit, en cas d'annulation de l'achat par le client, de facturer des frais de repentir d'un montant de 50%, sauf confirmation \u00e9crite contraire de notre part.<\/p>\n\n\n\n<p><strong>\u00a7 8. offre, prix &amp; garantie \/ garantie<\/strong><\/p>\n\n\n\n<p>Toutes les offres et tous les prix figurant sur le site web sont sans engagement et sans garantie. Sous r\u00e9serve d'erreurs ou de modifications des marchandises et des prix. La TVA est incluse dans tous les prix indiqu\u00e9s sur le site.&nbsp;<\/p>\n\n\n\n<p>Les offres sur Fitness-Flohmarkt peuvent diff\u00e9rer l\u00e9g\u00e8rement de la description ou de l'image du produit en ce qui concerne l'\u00e9tat, les sp\u00e9cifications, la couleur, la forme et le poids. Nous entendons par \"l\u00e9g\u00e8res\" des diff\u00e9rences allant jusqu'\u00e0 un maximum de 5% de l'indice correspondant ou des d\u00e9fauts qui ne sont pas ou que tr\u00e8s difficilement visibles \u00e0 une distance de 2m. Toutes les offres peuvent \u00eatre examin\u00e9es sur demande dans nos locaux, B\u00e4chliackerweg 11, 4410 Liestal.&nbsp;<\/p>\n\n\n\n<p>Fitcom AG vend principalement des produits d'occasion et des fins de s\u00e9rie, sur lesquels aucune garantie ne peut \u00eatre accord\u00e9e. Des traces d'utilisation, des d\u00e9fauts mineurs, des rayures, etc. ne peuvent pas \u00eatre exclus. Nous recommandons d'examiner les produits au pr\u00e9alable. En r\u00e8gle g\u00e9n\u00e9rale, les nouveaux articles sont marqu\u00e9s en cons\u00e9quence. En l'absence de description concernant l'\u00e9tat \/ l'\u00e2ge de la marchandise \u00e0 vendre, il faut partir du principe qu'elle se trouve dans un \u00e9tat usag\u00e9, mais enti\u00e8rement fonctionnel. Les produits qui ne sont pas exclus de la garantie en raison de leur origine \/ \u00e9tat sont marqu\u00e9s en cons\u00e9quence et la dur\u00e9e de la garantie est explicitement mentionn\u00e9e.&nbsp;<\/p>\n\n\n\n<p>Les d\u00e9fauts doivent en principe \u00eatre signal\u00e9s imm\u00e9diatement par \u00e9crit, mais au plus tard 72h apr\u00e8s la r\u00e9ception de la marchandise. L'int\u00e9gralit\u00e9 et le bon fonctionnement de la marchandise doivent \u00eatre v\u00e9rifi\u00e9s d\u00e8s sa r\u00e9ception.&nbsp;<\/p>\n\n\n\n<p><strong>\u00a7 9. exclusion de responsabilit\u00e9<\/strong><\/p>\n\n\n\n<p>Tous les produits distribu\u00e9s par Fitcom AG sont soumis aux contr\u00f4les les plus stricts du fabricant concern\u00e9. Pour cette raison, seul le fabricant concern\u00e9 est responsable de la qualit\u00e9 de ses produits. Le client prend connaissance du fait que Fitcom SA ne proc\u00e8de \u00e0 aucun contr\u00f4le \u00e0 la r\u00e9ception des produits livr\u00e9s par les fournisseurs. Une contestation de la livraison pour quelque raison que ce soit ne dispense pas le client de payer la facture dans le d\u00e9lai de paiement convenu. En passant commande, vous confirmez que Fitcom SA ne peut pas \u00eatre poursuivie pour d'\u00e9ventuelles r\u00e9clamations ou complications.<\/p>\n\n\n\n<p>Fitcom SA n'est responsable que des dommages directs et uniquement si le client peut prouver qu'ils ont \u00e9t\u00e9 caus\u00e9s par une n\u00e9gligence grave de la part de Fitcom SA. La responsabilit\u00e9 est limit\u00e9e au prix de la livraison \/ du service concern\u00e9. En particulier, le client ne peut en aucun cas pr\u00e9tendre \u00e0 une indemnisation pour des dommages qui ne sont pas caus\u00e9s au produit lui-m\u00eame, comme par exemple une perte de production, une perte de donn\u00e9es, une perte de commandes et d'autres dommages indirects ou directs cons\u00e9cutifs.<\/p>\n\n\n\n<p><strong>\u00a7 10. protection des donn\u00e9es<\/strong><\/p>\n\n\n\n<p>Toutes les donn\u00e9es sont trait\u00e9es de mani\u00e8re confidentielle et ne sont pas transmises \u00e0 des tiers. Le client accepte que ses donn\u00e9es personnelles soient enregistr\u00e9es et trait\u00e9es \u00e9lectroniquement dans le cadre de la relation commerciale. Il est pr\u00e9cis\u00e9 que les donn\u00e9es d\u00e9termin\u00e9es au sens de cette disposition sont collect\u00e9es et trait\u00e9es exclusivement \u00e0 des fins de fourniture de prestations, en particulier pour le traitement des commandes et la comptabilit\u00e9. La transmission des donn\u00e9es est crypt\u00e9e. Aucune responsabilit\u00e9 ne peut \u00eatre assum\u00e9e quant \u00e0 la s\u00e9curit\u00e9 des donn\u00e9es transmises par Internet.<br>Tous les logos, images et graphiques repr\u00e9sent\u00e9s sont la propri\u00e9t\u00e9 des entreprises correspondantes et sont soumis \u00e0 leurs droits d'auteur. Tous droits r\u00e9serv\u00e9s.<\/p>\n\n\n\n<p><strong>\u00a7 11. juridiction comp\u00e9tente<\/strong><\/p>\n\n\n\n<p>Le lieu de juridiction exclusif est CH-4410 Liestal.<\/p>\n\n\n\n<p><strong>\u00a7 12. Clause salvatrice et validit\u00e9 des CGV<\/strong><\/p>\n\n\n\n<p>En passant une commande, le client accepte les conditions g\u00e9n\u00e9rales de vente. Si l'une des dispositions des pr\u00e9sentes conditions g\u00e9n\u00e9rales de vente est d\u00e9clar\u00e9e nulle et non avenue, la validit\u00e9 des autres dispositions n'en est pas affect\u00e9e. La disposition invalide sera imm\u00e9diatement remplac\u00e9e par la disposition l\u00e9gale pertinente. Pour \u00eatre valables, les accords oraux doivent \u00eatre confirm\u00e9s par \u00e9crit.<\/p>\n\n\n\n<hr class=\"wp-block-separator has-alpha-channel-opacity\" \/>","protected":false},"excerpt":{"rendered":"<p>\u00a7 1. Allgemein&nbsp; Die vorliegenden Allgemeinen Gesch\u00e4ftsbedingungen regeln Rechte und Pflichten zwischen der Fitcom&nbsp;AG&nbsp;und ihren Kunden. Mit der Auftragserteilung werden diese automatisch durch den Kunden anerkannt. Abweichungen sind nur wirksam, wenn diese von uns schriftlich best\u00e4tigt wurden. \u00a7 2. Lieferbedingungen Sofern keine schriftlichen best\u00e4tigten Abweichungen vorhanden sind, gelten die unter dem Punkt \u201eVersand und Bezahlung\u201c [&hellip;]<\/p>\n","protected":false},"author":1,"featured_media":0,"parent":0,"menu_order":0,"comment_status":"closed","ping_status":"closed","template":"","meta":{"_acf_changed":false,"_gspb_post_css":"","footnotes":""},"class_list":["post-6004","page","type-page","status-publish","hentry"],"blocksy_meta":[],"acf":[],"_links":{"self":[{"href":"https:\/\/www.fitness-flohmarkt.ch\/fr\/wp-json\/wp\/v2\/pages\/6004","targetHints":{"allow":["GET"]}}],"collection":[{"href":"https:\/\/www.fitness-flohmarkt.ch\/fr\/wp-json\/wp\/v2\/pages"}],"about":[{"href":"https:\/\/www.fitness-flohmarkt.ch\/fr\/wp-json\/wp\/v2\/types\/page"}],"author":[{"embeddable":true,"href":"https:\/\/www.fitness-flohmarkt.ch\/fr\/wp-json\/wp\/v2\/users\/1"}],"replies":[{"embeddable":true,"href":"https:\/\/www.fitness-flohmarkt.ch\/fr\/wp-json\/wp\/v2\/comments?post=6004"}],"version-history":[{"count":3,"href":"https:\/\/www.fitness-flohmarkt.ch\/fr\/wp-json\/wp\/v2\/pages\/6004\/revisions"}],"predecessor-version":[{"id":9015219,"href":"https:\/\/www.fitness-flohmarkt.ch\/fr\/wp-json\/wp\/v2\/pages\/6004\/revisions\/9015219"}],"wp:attachment":[{"href":"https:\/\/www.fitness-flohmarkt.ch\/fr\/wp-json\/wp\/v2\/media?parent=6004"}],"curies":[{"name":"wp","href":"https:\/\/api.w.org\/{rel}","templated":true}]}}