{"id":5998,"date":"2025-02-06T13:33:46","date_gmt":"2025-02-06T12:33:46","guid":{"rendered":"https:\/\/www2.fitness-flohmarkt.ch\/?page_id=5998"},"modified":"2025-04-03T13:13:28","modified_gmt":"2025-04-03T11:13:28","slug":"paiement-expedition","status":"publish","type":"page","link":"https:\/\/www.fitness-flohmarkt.ch\/fr\/zahlung-versand\/","title":{"rendered":"Paiement et livraison"},"content":{"rendered":"<p><strong>L'envoi <\/strong><strong>se fait sur<\/strong><strong> en g\u00e9n\u00e9ral dans un d\u00e9lai de 1 \u00e0 4 jours ouvrables<\/strong> par la Poste suisse ou une entreprise de transport. Le choix du partenaire d'exp\u00e9dition d\u00e9pend du poids, du volume et du domicile de l'envoi.<\/p>\n\n\n\n<p><strong>Les frais de livraison sont calcul\u00e9s automatiquement dans le panier.<\/strong> Le tarif de base est de 9,90 CHF par 30 kg. Le cas \u00e9ch\u00e9ant, les objets d'une longueur totale sup\u00e9rieure \u00e0 100 cm ne peuvent pas \u00eatre envoy\u00e9s ou seulement en tant que colis encombrant. De m\u00eame, les objets dont le poids est sup\u00e9rieur \u00e0 30 kg et qui ne peuvent pas \u00eatre r\u00e9partis sur plusieurs colis (p. ex. une kettlebell de 32 kg) doivent \u00eatre consid\u00e9r\u00e9s s\u00e9par\u00e9ment. Cela peut entra\u00eener des frais suppl\u00e9mentaires. Le prix exact de l'envoi t'est indiqu\u00e9 dans le panier d'achat. Si tu as des questions, n'h\u00e9site pas \u00e0 nous contacter.<\/p>\n\n\n\n<p>Veuillez noter que le poids indiqu\u00e9 sur les produits peut ne pas correspondre exactement au poids d'exp\u00e9dition. Il peut y avoir une diff\u00e9rence en raison du poids de l'emballage, du rembourrage et du mat\u00e9riel d'exp\u00e9dition.<\/p>\n\n\n\n<p>L'exp\u00e9dition s'effectue - sauf d\u00e9finition \u00e9crite ou stipulation contraire entre les parties - jusqu'\u00e0 la bordure du trottoir du destinataire. Ceci est valable pour les envois de colis par la poste ainsi que pour les livraisons par transporteur.<\/p>","protected":false},"excerpt":{"rendered":"<p>Der Versand erfolgt in der Regel innerhalb von 1-4 Arbeitstagen durch die Schweizer Post oder Spedition. Die Wahl des Versandpartners ist abh\u00e4ngig von Gewicht, Volumen und Domizil der Sendung. Die Versandkosten werden automatisch im Warenkorb berechnet. Der Basistarif ist CHF 9.90 pro 30 kg. Objekte mit einer Gesamtl\u00e4nge von \u00fcber 100 cm k\u00f6nnen gegebenenfalls nicht [&hellip;]<\/p>\n","protected":false},"author":1,"featured_media":0,"parent":0,"menu_order":0,"comment_status":"closed","ping_status":"closed","template":"","meta":{"_acf_changed":false,"_gspb_post_css":"","footnotes":""},"class_list":["post-5998","page","type-page","status-publish","hentry"],"blocksy_meta":[],"acf":[],"_links":{"self":[{"href":"https:\/\/www.fitness-flohmarkt.ch\/fr\/wp-json\/wp\/v2\/pages\/5998","targetHints":{"allow":["GET"]}}],"collection":[{"href":"https:\/\/www.fitness-flohmarkt.ch\/fr\/wp-json\/wp\/v2\/pages"}],"about":[{"href":"https:\/\/www.fitness-flohmarkt.ch\/fr\/wp-json\/wp\/v2\/types\/page"}],"author":[{"embeddable":true,"href":"https:\/\/www.fitness-flohmarkt.ch\/fr\/wp-json\/wp\/v2\/users\/1"}],"replies":[{"embeddable":true,"href":"https:\/\/www.fitness-flohmarkt.ch\/fr\/wp-json\/wp\/v2\/comments?post=5998"}],"version-history":[{"count":4,"href":"https:\/\/www.fitness-flohmarkt.ch\/fr\/wp-json\/wp\/v2\/pages\/5998\/revisions"}],"predecessor-version":[{"id":9015213,"href":"https:\/\/www.fitness-flohmarkt.ch\/fr\/wp-json\/wp\/v2\/pages\/5998\/revisions\/9015213"}],"wp:attachment":[{"href":"https:\/\/www.fitness-flohmarkt.ch\/fr\/wp-json\/wp\/v2\/media?parent=5998"}],"curies":[{"name":"wp","href":"https:\/\/api.w.org\/{rel}","templated":true}]}}