{"id":5996,"date":"2025-02-06T13:30:28","date_gmt":"2025-02-06T12:30:28","guid":{"rendered":"https:\/\/www2.fitness-flohmarkt.ch\/?page_id=5996"},"modified":"2025-03-17T22:58:15","modified_gmt":"2025-03-17T21:58:15","slug":"solutions-de-financement","status":"publish","type":"page","link":"https:\/\/www.fitness-flohmarkt.ch\/fr\/finanzierungsloesungen\/","title":{"rendered":"Leasing &amp; solutions de financement"},"content":{"rendered":"<p>En collaboration avec nos partenaires, nous pouvons te proposer des solutions de financement int\u00e9ressantes pour ta start-up et ta PME. Selon le volume de commande et la solvabilit\u00e9, les dates cl\u00e9s suivantes sont possibles :<\/p>\n\n\n\n<ul class=\"wp-block-list\">\n<li>Taux d'int\u00e9r\u00eat attractifs<\/li>\n\n\n\n<li>Paiement \u00e9chelonn\u00e9 jusqu'\u00e0 60 mois<\/li>\n\n\n\n<li>Acompte de 10 % \u00e0 20 % de la valeur totale<\/li>\n\n\n\n<li>Volume de 10 000 CHF \u00e0 500 000 CHF<\/li>\n<\/ul>\n\n\n\n<p>Nous nous ferons un plaisir de te conseiller sur les possibilit\u00e9s de financement adapt\u00e9es \u00e0 ton entreprise. Nous nous r\u00e9jouissons de ta prise de contact.<\/p>\n\n\n\n<p class=\"has-small-font-size\"><em>(Les donn\u00e9es sont fournies \u00e0 titre indicatif. Des modifications sont express\u00e9ment r\u00e9serv\u00e9es. Le leasing ne doit pas conduire au surendettement du consommateur).&nbsp;<\/em><\/p>\n\n\n\n<p><\/p>","protected":false},"excerpt":{"rendered":"<p>Zusammen mit unseren Partnern k\u00f6nnen wir dir attraktive Finanzierungsl\u00f6sungen f\u00fcr dein Start-Up und KMU anbieten. Je nach Bestellvolumen und Bonit\u00e4t sind folgende Eckdaten m\u00f6glich: Gerne beraten wir dich zu den passenden Finanzierungsm\u00f6glichkeiten f\u00fcr dein Unternehmen. Wir freuen uns auf deine Kontaktaufnahme. (Angaben dienen als Richtwert. \u00c4nderungen sind ausdr\u00fccklich vorbehalten. Die Leasingvergabe darf nicht zur \u00dcberschuldung [&hellip;]<\/p>\n","protected":false},"author":1,"featured_media":0,"parent":0,"menu_order":0,"comment_status":"closed","ping_status":"closed","template":"","meta":{"_acf_changed":false,"_gspb_post_css":"","footnotes":""},"class_list":["post-5996","page","type-page","status-publish","hentry"],"blocksy_meta":[],"acf":[],"_links":{"self":[{"href":"https:\/\/www.fitness-flohmarkt.ch\/fr\/wp-json\/wp\/v2\/pages\/5996","targetHints":{"allow":["GET"]}}],"collection":[{"href":"https:\/\/www.fitness-flohmarkt.ch\/fr\/wp-json\/wp\/v2\/pages"}],"about":[{"href":"https:\/\/www.fitness-flohmarkt.ch\/fr\/wp-json\/wp\/v2\/types\/page"}],"author":[{"embeddable":true,"href":"https:\/\/www.fitness-flohmarkt.ch\/fr\/wp-json\/wp\/v2\/users\/1"}],"replies":[{"embeddable":true,"href":"https:\/\/www.fitness-flohmarkt.ch\/fr\/wp-json\/wp\/v2\/comments?post=5996"}],"version-history":[{"count":4,"href":"https:\/\/www.fitness-flohmarkt.ch\/fr\/wp-json\/wp\/v2\/pages\/5996\/revisions"}],"predecessor-version":[{"id":64982,"href":"https:\/\/www.fitness-flohmarkt.ch\/fr\/wp-json\/wp\/v2\/pages\/5996\/revisions\/64982"}],"wp:attachment":[{"href":"https:\/\/www.fitness-flohmarkt.ch\/fr\/wp-json\/wp\/v2\/media?parent=5996"}],"curies":[{"name":"wp","href":"https:\/\/api.w.org\/{rel}","templated":true}]}}