{"id":12923,"date":"2025-02-10T01:21:14","date_gmt":"2025-02-10T00:21:14","guid":{"rendered":"https:\/\/www2.fitness-flohmarkt.ch\/?page_id=12923"},"modified":"2025-04-04T12:42:34","modified_gmt":"2025-04-04T10:42:34","slug":"mentions-legales","status":"publish","type":"page","link":"https:\/\/www.fitness-flohmarkt.ch\/fr\/impressum\/","title":{"rendered":"Mentions l\u00e9gales"},"content":{"rendered":"<h3 class=\"wp-block-heading\" id=\"kontaktadresse\"><strong>Adresse de contact<\/strong><\/h3>\n\n\n\n<p>Fitcom AG<br>Chemin du B\u00e4chliacker 11<br>4410 Liestal<br>Suisse<br>info@fitness-flohmarkt.ch<br>+41 61 901 12 40<\/p>\n\n\n\n<h3 class=\"wp-block-heading\" id=\"vertretungsberechtigte-personen\"><strong>Personnes autoris\u00e9es \u00e0 repr\u00e9senter l'association<\/strong><\/h3>\n\n\n\n<p>Rebekka Nachbur, membre du conseil d'administration<\/p>\n\n\n\n<h3 class=\"wp-block-heading\" id=\"handelsregistereintrag\"><strong>Inscription au registre du commerce<\/strong><\/h3>\n\n\n\n<p>Nom de l'entreprise enregistr\u00e9e : Fitcom AG<br>Num\u00e9ro : CH-280.3.021.050-3<\/p>\n\n\n\n<h3 class=\"wp-block-heading\" id=\"mehrwertsteuernummer\"><strong>Num\u00e9ro de TVA<\/strong><\/h3>\n\n\n\n<p>CHE-490.710.916<\/p>\n\n\n\n<h3 class=\"wp-block-heading\" id=\"haftungsausschluss\"><strong>Clause de non-responsabilit\u00e9<\/strong><\/h3>\n\n\n\n<p>L'auteur n'assume aucune responsabilit\u00e9 quant \u00e0 l'exactitude, la pr\u00e9cision, l'actualit\u00e9, la fiabilit\u00e9 et l'exhaustivit\u00e9 du contenu des informations. L'auteur ne saurait \u00eatre tenu pour responsable des dommages mat\u00e9riels ou immat\u00e9riels qui pourraient \u00eatre caus\u00e9s par l'acc\u00e8s aux informations diffus\u00e9es ou par leur utilisation ou non-utilisation, par le mauvais usage de la connexion ou par des probl\u00e8mes techniques. Toutes les offres sont sans engagement. L'auteur se r\u00e9serve express\u00e9ment le droit de modifier, de compl\u00e9ter ou de supprimer des parties de pages ou l'ensemble de l'offre sans avis pr\u00e9alable, ou d'en suspendre temporairement ou d\u00e9finitivement la publication.<\/p>\n\n\n\n<h3 class=\"wp-block-heading\" id=\"haftung-fur-links\"><strong>Responsabilit\u00e9 pour les liens<\/strong><\/h3>\n\n\n\n<p>Les renvois et liens vers des sites web de tiers ne rel\u00e8vent pas de notre responsabilit\u00e9. Nous d\u00e9clinons toute responsabilit\u00e9 pour de tels sites web. L'acc\u00e8s \u00e0 de tels sites et leur utilisation se font aux risques et p\u00e9rils des utilisateurs.<\/p>\n\n\n\n<h3 class=\"wp-block-heading\" id=\"urheberrechte\"><strong>Droits d'auteur<\/strong><\/h3>\n\n\n\n<p>Les droits d'auteur et tous les autres droits li\u00e9s aux contenus, images, photos ou autres fichiers figurant sur ce site web appartiennent exclusivement \u00e0 Fitcom AG ou aux titulaires de droits sp\u00e9cialement cit\u00e9s. L'autorisation \u00e9crite des d\u00e9tenteurs des droits d'auteur doit \u00eatre obtenue au pr\u00e9alable pour la reproduction de tout \u00e9l\u00e9ment.<\/p>","protected":false},"excerpt":{"rendered":"<p>Kontaktadresse Fitcom AGB\u00e4chliackerweg 114410 LiestalSchweizinfo@fitness-flohmarkt.ch+41 61 901 12 40 Vertretungsberechtigte Personen Rebekka Nachbur, Mitglied des Verwaltungsrates Handelsregistereintrag Eingetragener Firmenname: Fitcom AGNummer: CH-280.3.021.050-3 Mehrwertsteuernummer CHE-490.710.916 Haftungsausschluss Der Autor \u00fcbernimmt keinerlei Gew\u00e4hr f\u00fcr die inhaltliche Richtigkeit, Genauigkeit, Aktualit\u00e4t, Zuverl\u00e4ssigkeit und Vollst\u00e4ndigkeit der Informationen. Haftungsanspr\u00fcche gegen den Autor, die sich auf Sch\u00e4den materieller oder immaterieller Art beziehen und [&hellip;]<\/p>\n","protected":false},"author":1,"featured_media":0,"parent":0,"menu_order":0,"comment_status":"closed","ping_status":"closed","template":"","meta":{"_acf_changed":false,"_gspb_post_css":"","footnotes":""},"class_list":["post-12923","page","type-page","status-publish","hentry"],"blocksy_meta":[],"acf":[],"_links":{"self":[{"href":"https:\/\/www.fitness-flohmarkt.ch\/fr\/wp-json\/wp\/v2\/pages\/12923","targetHints":{"allow":["GET"]}}],"collection":[{"href":"https:\/\/www.fitness-flohmarkt.ch\/fr\/wp-json\/wp\/v2\/pages"}],"about":[{"href":"https:\/\/www.fitness-flohmarkt.ch\/fr\/wp-json\/wp\/v2\/types\/page"}],"author":[{"embeddable":true,"href":"https:\/\/www.fitness-flohmarkt.ch\/fr\/wp-json\/wp\/v2\/users\/1"}],"replies":[{"embeddable":true,"href":"https:\/\/www.fitness-flohmarkt.ch\/fr\/wp-json\/wp\/v2\/comments?post=12923"}],"version-history":[{"count":5,"href":"https:\/\/www.fitness-flohmarkt.ch\/fr\/wp-json\/wp\/v2\/pages\/12923\/revisions"}],"predecessor-version":[{"id":9015474,"href":"https:\/\/www.fitness-flohmarkt.ch\/fr\/wp-json\/wp\/v2\/pages\/12923\/revisions\/9015474"}],"wp:attachment":[{"href":"https:\/\/www.fitness-flohmarkt.ch\/fr\/wp-json\/wp\/v2\/media?parent=12923"}],"curies":[{"name":"wp","href":"https:\/\/api.w.org\/{rel}","templated":true}]}}