{"id":9067756,"date":"2026-05-15T14:10:25","date_gmt":"2026-05-15T12:10:25","guid":{"rendered":"https:\/\/www.fitness-flohmarkt.ch\/produkt\/realleader-rubber-resistance-bands-ld-2005-ersatzbaender\/"},"modified":"2026-05-15T15:30:25","modified_gmt":"2026-05-15T13:30:25","slug":"realleader-rubber-resistance-bands-ld-2005-ersatzbaender","status":"publish","type":"product","link":"https:\/\/www.fitness-flohmarkt.ch\/en\/produkt\/realleader-rubber-resistance-bands-ld-2005-ersatzbaender\/","title":{"rendered":"RealLeader Rubber Resistance Bands | LD-2005 Ersatzb\u00e4nder"},"content":{"rendered":"<h3 class=\"font-claude-response-body break-words whitespace-normal leading-[1.7]\">RealLeader Glute Bridge LD-2005 Ersatz-Widerstandsb\u00e4nder<\/h3>\n<p class=\"font-claude-response-body break-words whitespace-normal leading-[1.7]\">Passend f\u00fcr das Modell LD-2005. Die Gummib\u00e4nder werden direkt in die Maschine eingespannt und erm\u00f6glichen einen gleichm\u00e4ssigen Widerstand f\u00fcr effektives Training. Robuste Ausf\u00fchrung f\u00fcr hohe Belastungen.<\/p>\n<p class=\"font-claude-response-body break-words whitespace-normal leading-[1.7]\">Kompatibilit\u00e4t: RealLeader Glute Bridge LD-2005<\/p>\n","protected":false},"excerpt":{"rendered":"<p>RealLeader Glute Bridge LD-2005 Ersatz-Widerstandsb\u00e4nder \u2013 Ersatzb\u00e4nder f\u00fcr gezieltes Training an der Glute Bridge LD-2005. Die Gummib\u00e4nder werden direkt in die Maschine eingespannt und sorgen f\u00fcr gleichm\u00e4ssigen Widerstand und optimalen Trainingskomfort. Passend f\u00fcr das Modell LD-2005.<\/p>","protected":false},"featured_media":9067767,"comment_status":"closed","ping_status":"closed","template":"","meta":{"_acf_changed":false,"_gspb_post_css":""},"product_brand":[1054],"product_cat":[319,342],"product_tag":[],"class_list":{"0":"post-9067756","1":"product","2":"type-product","3":"status-publish","4":"has-post-thumbnail","6":"product_brand-realleader","7":"product_cat-fitness-zubehoer","8":"product_cat-plate-loaded","10":"first","11":"instock","12":"taxable","13":"shipping-taxable","14":"purchasable","15":"product-type-simple"},"bundled_by":[],"bundle_stock_status":"instock","bundle_stock_quantity":2,"bundle_virtual":false,"bundle_layout":"","bundle_add_to_cart_form_location":"","bundle_editable_in_cart":false,"bundle_sold_individually_context":"","bundle_item_grouping":"","bundle_min_size":"","bundle_max_size":"","bundle_price":[],"bundled_items":[],"bundle_sell_ids":[],"acf":[],"df_price":45,"df_sale_price":"","df_regular_price":45,"df_image_link":"https:\/\/www.fitness-flohmarkt.ch\/wp-content\/uploads\/ChatGPT-Image-15.-Mai-2026-15_21_50-1-300x300.avif","_links":{"self":[{"href":"https:\/\/www.fitness-flohmarkt.ch\/en\/wp-json\/wp\/v2\/product\/9067756","targetHints":{"allow":["GET"]}}],"collection":[{"href":"https:\/\/www.fitness-flohmarkt.ch\/en\/wp-json\/wp\/v2\/product"}],"about":[{"href":"https:\/\/www.fitness-flohmarkt.ch\/en\/wp-json\/wp\/v2\/types\/product"}],"replies":[{"embeddable":true,"href":"https:\/\/www.fitness-flohmarkt.ch\/en\/wp-json\/wp\/v2\/comments?post=9067756"}],"wp:featuredmedia":[{"embeddable":true,"href":"https:\/\/www.fitness-flohmarkt.ch\/en\/wp-json\/wp\/v2\/media\/9067767"}],"wp:attachment":[{"href":"https:\/\/www.fitness-flohmarkt.ch\/en\/wp-json\/wp\/v2\/media?parent=9067756"}],"wp:term":[{"taxonomy":"product_brand","embeddable":true,"href":"https:\/\/www.fitness-flohmarkt.ch\/en\/wp-json\/wp\/v2\/product_brand?post=9067756"},{"taxonomy":"product_cat","embeddable":true,"href":"https:\/\/www.fitness-flohmarkt.ch\/en\/wp-json\/wp\/v2\/product_cat?post=9067756"},{"taxonomy":"product_tag","embeddable":true,"href":"https:\/\/www.fitness-flohmarkt.ch\/en\/wp-json\/wp\/v2\/product_tag?post=9067756"}],"curies":[{"name":"wp","href":"https:\/\/api.w.org\/{rel}","templated":true}]}}