{"id":9067755,"date":"2026-05-15T13:50:23","date_gmt":"2026-05-15T11:50:23","guid":{"rendered":"https:\/\/www.fitness-flohmarkt.ch\/produkt\/realleader-belt-squat-ld-2004-ersatzgurt\/"},"modified":"2026-05-15T15:30:46","modified_gmt":"2026-05-15T13:30:46","slug":"realleader-belt-squat-ld-2004-ersatzgurt","status":"publish","type":"product","link":"https:\/\/www.fitness-flohmarkt.ch\/en\/produkt\/realleader-belt-squat-ld-2004-ersatzgurt\/","title":{"rendered":"RealLeader Belt Squat | LD-2004 Ersatzgurt"},"content":{"rendered":"<h3 class=\"font-claude-response-body break-words whitespace-normal leading-[1.7]\"><strong>RealLeader Belt Squat LD-2004 Ersatzgurt<\/strong><\/h3>\n<p class=\"font-claude-response-body break-words whitespace-normal leading-[1.7]\">Dieser Gurt ist speziell f\u00fcr die Belt Squat LD-2004 konzipiert und wird in die Maschine eingeh\u00e4ngt. Die Benutzer f\u00fchren den Gurt um ihre H\u00fcften und h\u00e4ngen ihn anschliessend in die Vorrichtung der Maschine ein \u2013 f\u00fcr maximalen Komfort und sichere Last\u00fcbertragung auch bei hohen Gewichten.<\/p>\n<p class=\"font-claude-response-body break-words whitespace-normal leading-[1.7]\"><strong>Kompatibilit\u00e4t:<\/strong> RealLeader Belt Squat LD-2004<\/p>\n","protected":false},"excerpt":{"rendered":"<p>RealLeader Belt Squat LD-2004 Ersatzgurt \u2013 passend f\u00fcr das Modell LD-2004. Der Gurt wird um die H\u00fcften getragen und in die Maschine eingeh\u00e4ngt, f\u00fcr gleichm\u00e4ssige Lastverteilung und maximalen Komfort auch bei hohen Gewichten.<\/p>","protected":false},"featured_media":9067768,"comment_status":"closed","ping_status":"closed","template":"","meta":{"_acf_changed":false,"_gspb_post_css":""},"product_brand":[1054],"product_cat":[319,342],"product_tag":[],"class_list":{"0":"post-9067755","1":"product","2":"type-product","3":"status-publish","4":"has-post-thumbnail","6":"product_brand-realleader","7":"product_cat-fitness-zubehoer","8":"product_cat-plate-loaded","10":"first","11":"instock","12":"taxable","13":"shipping-taxable","14":"purchasable","15":"product-type-simple"},"bundled_by":[],"bundle_stock_status":"instock","bundle_stock_quantity":2,"bundle_virtual":false,"bundle_layout":"","bundle_add_to_cart_form_location":"","bundle_editable_in_cart":false,"bundle_sold_individually_context":"","bundle_item_grouping":"","bundle_min_size":"","bundle_max_size":"","bundle_price":[],"bundled_items":[],"bundle_sell_ids":[],"acf":[],"df_price":115,"df_sale_price":"","df_regular_price":115,"df_image_link":"https:\/\/www.fitness-flohmarkt.ch\/wp-content\/uploads\/ChatGPT-Image-15.-Mai-2026-15_25_56-e1778851687743-300x300.avif","_links":{"self":[{"href":"https:\/\/www.fitness-flohmarkt.ch\/en\/wp-json\/wp\/v2\/product\/9067755","targetHints":{"allow":["GET"]}}],"collection":[{"href":"https:\/\/www.fitness-flohmarkt.ch\/en\/wp-json\/wp\/v2\/product"}],"about":[{"href":"https:\/\/www.fitness-flohmarkt.ch\/en\/wp-json\/wp\/v2\/types\/product"}],"replies":[{"embeddable":true,"href":"https:\/\/www.fitness-flohmarkt.ch\/en\/wp-json\/wp\/v2\/comments?post=9067755"}],"wp:featuredmedia":[{"embeddable":true,"href":"https:\/\/www.fitness-flohmarkt.ch\/en\/wp-json\/wp\/v2\/media\/9067768"}],"wp:attachment":[{"href":"https:\/\/www.fitness-flohmarkt.ch\/en\/wp-json\/wp\/v2\/media?parent=9067755"}],"wp:term":[{"taxonomy":"product_brand","embeddable":true,"href":"https:\/\/www.fitness-flohmarkt.ch\/en\/wp-json\/wp\/v2\/product_brand?post=9067755"},{"taxonomy":"product_cat","embeddable":true,"href":"https:\/\/www.fitness-flohmarkt.ch\/en\/wp-json\/wp\/v2\/product_cat?post=9067755"},{"taxonomy":"product_tag","embeddable":true,"href":"https:\/\/www.fitness-flohmarkt.ch\/en\/wp-json\/wp\/v2\/product_tag?post=9067755"}],"curies":[{"name":"wp","href":"https:\/\/api.w.org\/{rel}","templated":true}]}}