{"id":9062882,"date":"2026-03-16T16:30:26","date_gmt":"2026-03-16T15:30:26","guid":{"rendered":"https:\/\/www.fitness-flohmarkt.ch\/produkt\/atx-4-in-1-beinpresse-hackenschmidt-combo\/"},"modified":"2026-03-17T09:30:15","modified_gmt":"2026-03-17T08:30:15","slug":"atx-4-in-1-leg-press-hackenschmidt-combo","status":"publish","type":"product","link":"https:\/\/www.fitness-flohmarkt.ch\/en\/produkt\/atx-4-in-1-beinpresse-hackenschmidt-combo\/","title":{"rendered":"ATX 4-in-1 leg press | Hackenschmidt Combo"},"content":{"rendered":"<h3 class=\"font-claude-response-body break-words whitespace-normal leading-[1.7]\"><strong>ATX\u00ae Beinpresse &amp; Hackenschmidt Combo 4in1 \u2013 4 \u00dcbungen in einem Ger\u00e4t<\/strong><\/h3>\n<p class=\"font-claude-response-body break-words whitespace-normal leading-[1.7]\">Die ATX\u00ae Combo 4in1 deckt vier Bein\u00fcbungen ab: Beinpressen, Hackenschmidt-Kniebeugen, Wadenpressen und Wadenheben stehend. Der Schlitten l\u00e4uft auf hartverchromten Vollstahlwellen (\u00d8 40 mm) mit 16 Drucklagern und ist bis 700 kg belastbar.<\/p>\n<p class=\"font-claude-response-body break-words whitespace-normal leading-[1.7]\">\u00dcber die justierbaren Roller-Band-Peg-Vorrichtungen l\u00e4sst sich die Kraftkurve je nach \u00dcbung steigend oder sinkend einstellen \u2013 das reduziert beim Hackenschmidt die Belastung auf die Knie. Das extra breite Stemmblech erm\u00f6glicht verschiedene Fussstellungen, die R\u00fcckenlehne ist in mehrere Winkel verstellbar.<\/p>\n<p class=\"font-claude-response-body break-words whitespace-normal leading-[1.7]\">Zur Ausstattung geh\u00f6ren ergonomisch geformte Schulterpolster, ein klappbares Stemmbrett f\u00fcr das stehende Wadentraining sowie ein Sicherheits-Arretiersystem. Die Hantelscheibenaufnahme ist serienm\u00e4ssig auf \u00d8 50 mm ausgelegt; ein optionaler Adapter f\u00fcr \u00d8 30 mm ist erh\u00e4ltlich. Lieferung zerlegt in Holzkiste mit Aufbauanleitung.<\/p>\n","protected":false},"excerpt":{"rendered":"<p>ATX\u00ae leg press &amp; Hackenschmidt Combo 4in1 - 4 exercises in one machine: leg press, Hackenschmidt, calf press &amp; standing calf raise. Load capacity up to 700 kg, 16 pressure bearings for smooth running, adjustable force curve via resistance bands.<\/p>","protected":false},"featured_media":9062905,"comment_status":"closed","ping_status":"closed","template":"","meta":{"_acf_changed":false,"_gspb_post_css":""},"product_brand":[1039],"product_cat":[342],"product_tag":[],"class_list":{"0":"post-9062882","1":"product","2":"type-product","3":"status-publish","4":"has-post-thumbnail","6":"product_brand-atx","7":"product_cat-plate-loaded","9":"first","10":"instock","11":"taxable","12":"shipping-taxable","13":"purchasable","14":"product-type-simple"},"bundled_by":[],"bundle_stock_status":"instock","bundle_stock_quantity":2,"bundle_virtual":false,"bundle_layout":"","bundle_add_to_cart_form_location":"","bundle_editable_in_cart":false,"bundle_sold_individually_context":"","bundle_item_grouping":"","bundle_min_size":"","bundle_max_size":"","bundle_price":[],"bundled_items":[],"bundle_sell_ids":[],"acf":[],"df_price":2590,"df_sale_price":"","df_regular_price":2590,"df_image_link":"https:\/\/www.fitness-flohmarkt.ch\/wp-content\/uploads\/atx-bpr-790_01-1-300x300.jpeg","_links":{"self":[{"href":"https:\/\/www.fitness-flohmarkt.ch\/en\/wp-json\/wp\/v2\/product\/9062882","targetHints":{"allow":["GET"]}}],"collection":[{"href":"https:\/\/www.fitness-flohmarkt.ch\/en\/wp-json\/wp\/v2\/product"}],"about":[{"href":"https:\/\/www.fitness-flohmarkt.ch\/en\/wp-json\/wp\/v2\/types\/product"}],"replies":[{"embeddable":true,"href":"https:\/\/www.fitness-flohmarkt.ch\/en\/wp-json\/wp\/v2\/comments?post=9062882"}],"wp:featuredmedia":[{"embeddable":true,"href":"https:\/\/www.fitness-flohmarkt.ch\/en\/wp-json\/wp\/v2\/media\/9062905"}],"wp:attachment":[{"href":"https:\/\/www.fitness-flohmarkt.ch\/en\/wp-json\/wp\/v2\/media?parent=9062882"}],"wp:term":[{"taxonomy":"product_brand","embeddable":true,"href":"https:\/\/www.fitness-flohmarkt.ch\/en\/wp-json\/wp\/v2\/product_brand?post=9062882"},{"taxonomy":"product_cat","embeddable":true,"href":"https:\/\/www.fitness-flohmarkt.ch\/en\/wp-json\/wp\/v2\/product_cat?post=9062882"},{"taxonomy":"product_tag","embeddable":true,"href":"https:\/\/www.fitness-flohmarkt.ch\/en\/wp-json\/wp\/v2\/product_tag?post=9062882"}],"curies":[{"name":"wp","href":"https:\/\/api.w.org\/{rel}","templated":true}]}}