{"id":9036404,"date":"2025-07-24T15:30:22","date_gmt":"2025-07-24T13:30:22","guid":{"rendered":"https:\/\/www.fitness-flohmarkt.ch\/produkt\/beyond-power-reinforced-screen-protector-displayschutz\/"},"modified":"2026-04-22T09:10:42","modified_gmt":"2026-04-22T07:10:42","slug":"beyond-power-reinforced-screen-protector-screen-protector","status":"publish","type":"product","link":"https:\/\/www.fitness-flohmarkt.ch\/en\/produkt\/beyond-power-reinforced-screen-protector-displayschutz\/","title":{"rendered":"Beyond Power Reinforced Screen Protector | Screen Protector"},"content":{"rendered":"<h3>Beyond Power Reinforced Screen Protector<\/h3>\n<p class=\"text-2xl font-bold mt-1 text-text-100\"><strong>Das VOLTRA 1 Paket enth\u00e4lt standardm\u00e4ssig 1 St\u00fcck.<\/strong><\/p>\n<p class=\"whitespace-normal break-words\">Sch\u00fctzen Sie das Display Ihres VOLTRA 1 mit diesem geh\u00e4rteten Glasschutzfilm mit 9H-H\u00e4rte.<\/p>\n<ul class=\"[&amp;:not(:last-child)_ul]:pb-1 [&amp;:not(:last-child)_ol]:pb-1 list-disc space-y-1.5 pl-7\">\n<li class=\"whitespace-normal break-words\"><strong>Ultimativer Schutz:<\/strong> 9H-H\u00e4rte sch\u00fctzt vor Kratzern und St\u00f6\u00dfen.<\/li>\n<li class=\"whitespace-normal break-words\"><strong>Kristallklare Sicht:<\/strong> Erh\u00e4lt die Bildschirmklarheit und Reaktionsf\u00e4higkeit.<\/li>\n<li class=\"whitespace-normal break-words\"><strong>Anti-Fingerabdruck-Beschichtung:<\/strong> H\u00e4lt den Bildschirm Ihres VOLTRA 1 makellos aussehend.<\/li>\n<li class=\"whitespace-normal break-words\"><strong>Einfache Anwendung:<\/strong> Einfach anzubringen und zu entfernen ohne Blasenbildung.<\/li>\n<\/ul>\n","protected":false},"excerpt":{"rendered":"<p>Beyond Power stands for functional training accessories that are characterized by high quality workmanship, ease of use and versatility. This cable pulley can be combined with handles, connections and extensions from the Beyond Power system.<\/p>","protected":false},"featured_media":9065492,"comment_status":"closed","ping_status":"closed","template":"","meta":{"_acf_changed":false,"_gspb_post_css":""},"product_brand":[1549],"product_cat":[813,319,304],"product_tag":[],"class_list":{"0":"post-9036404","1":"product","2":"type-product","3":"status-publish","4":"has-post-thumbnail","6":"product_brand-beyond-power","7":"product_cat-fg-diverse","8":"product_cat-fitness-zubehoer","9":"product_cat-reha-physio","10":"pa_artikel-pro-verkaufseinheit-2x","11":"pa_farbe-durchsichtig","12":"pa_fitness-zubehoertyp-ersatzartikel","13":"pa_lieferumfang-2x-ersatzteil","14":"pa_material-glas","16":"first","17":"instock","18":"taxable","19":"shipping-taxable","20":"purchasable","21":"product-type-simple"},"bundled_by":[],"bundle_stock_status":"instock","bundle_stock_quantity":16,"bundle_virtual":false,"bundle_layout":"","bundle_add_to_cart_form_location":"","bundle_editable_in_cart":false,"bundle_sold_individually_context":"","bundle_item_grouping":"","bundle_min_size":"","bundle_max_size":"","bundle_price":[],"bundled_items":[],"bundle_sell_ids":[],"acf":[],"df_price":60,"df_sale_price":"","df_regular_price":60,"df_image_link":"https:\/\/www.fitness-flohmarkt.ch\/wp-content\/uploads\/Beyond-Power-VOLTRA-ScreenProtector_1920x1920_ohne-Hintergrund-21-300x300.avif","_links":{"self":[{"href":"https:\/\/www.fitness-flohmarkt.ch\/en\/wp-json\/wp\/v2\/product\/9036404","targetHints":{"allow":["GET"]}}],"collection":[{"href":"https:\/\/www.fitness-flohmarkt.ch\/en\/wp-json\/wp\/v2\/product"}],"about":[{"href":"https:\/\/www.fitness-flohmarkt.ch\/en\/wp-json\/wp\/v2\/types\/product"}],"replies":[{"embeddable":true,"href":"https:\/\/www.fitness-flohmarkt.ch\/en\/wp-json\/wp\/v2\/comments?post=9036404"}],"wp:featuredmedia":[{"embeddable":true,"href":"https:\/\/www.fitness-flohmarkt.ch\/en\/wp-json\/wp\/v2\/media\/9065492"}],"wp:attachment":[{"href":"https:\/\/www.fitness-flohmarkt.ch\/en\/wp-json\/wp\/v2\/media?parent=9036404"}],"wp:term":[{"taxonomy":"product_brand","embeddable":true,"href":"https:\/\/www.fitness-flohmarkt.ch\/en\/wp-json\/wp\/v2\/product_brand?post=9036404"},{"taxonomy":"product_cat","embeddable":true,"href":"https:\/\/www.fitness-flohmarkt.ch\/en\/wp-json\/wp\/v2\/product_cat?post=9036404"},{"taxonomy":"product_tag","embeddable":true,"href":"https:\/\/www.fitness-flohmarkt.ch\/en\/wp-json\/wp\/v2\/product_tag?post=9036404"}],"curies":[{"name":"wp","href":"https:\/\/api.w.org\/{rel}","templated":true}]}}