{"id":43044,"date":"2025-03-11T13:15:50","date_gmt":"2025-03-11T12:15:50","guid":{"rendered":"https:\/\/www2.fitness-flohmarkt.ch\/produkt\/atx-warrior-bench-wide\/"},"modified":"2026-03-01T23:38:45","modified_gmt":"2026-03-01T22:38:45","slug":"atx-warrior-bench-wide","status":"publish","type":"product","link":"https:\/\/www.fitness-flohmarkt.ch\/en\/produkt\/atx-warrior-bench-wide\/","title":{"rendered":"ATX Warrior Bench Wide | Weight bench"},"content":{"rendered":"<h3 data-start=\"289\" data-end=\"783\"><strong data-start=\"289\" data-end=\"383\">Multibank in a class of its own - professional quality with studio approval<\/strong><\/h3>\n<p data-start=\"289\" data-end=\"783\">The ATX Multibank impresses with the best functionality, extremely high load capacity and maximum safety in a modern design. With a 10-position adjustable backrest (0\u00b0 to 82\u00b0) and a 4-position adjustable seat, it offers optimum flexibility for a wide range of workouts. The widened padding in the lumbar area ensures a secure hold during training.<\/p>\n<p data-start=\"785\" data-end=\"1155\">The solid tubular steel construction guarantees a load capacity of up to 500 kg and makes the bench particularly stable and durable. A wide, wide base and rubberized, floor-protecting feet ensure a secure footing, even on smooth floors. Transport castors and a swivel handle allow the bench to be positioned quickly and easily.<\/p>\n<p data-start=\"1157\" data-end=\"1408\" data-is-last-node=\"\" data-is-only-node=\"\">With its high-quality upholstery including the ATX logo, the bench is both visually and functionally a professional piece of equipment for studio and home training. Certified according to EN 20957 I.II.IV Class S, it meets the highest quality standards - Constructed in Germany!<\/p>","protected":false},"excerpt":{"rendered":"<p>Multibank der Extraklasse \u2013 Profiqualit\u00e4t mit Studiozulassung Die ATX Multibank \u00fcberzeugt durch beste Funktionalit\u00e4t, extrem hohe Belastbarkeit und maximale Sicherheit in einem modernen Design. Mit einer R\u00fcckenlehne, die 10-fach verstellbar ist (0\u00b0 bis 82\u00b0) und einer 4-fach verstellbaren Sitzfl\u00e4che bietet sie optimale Flexibilit\u00e4t f\u00fcr verschiedenste Trainingsarten. Die verbreiterte Polsterung im Lendenbereich sorgt f\u00fcr sicheren Halt [&hellip;]<\/p>\n","protected":false},"featured_media":9048476,"comment_status":"closed","ping_status":"closed","template":"","meta":{"_acf_changed":false,"_gspb_post_css":""},"product_brand":[1039],"product_cat":[358],"product_tag":[],"class_list":{"0":"post-43044","1":"product","2":"type-product","3":"status-publish","4":"has-post-thumbnail","6":"product_brand-atx","7":"product_cat-hantelbaenke","8":"product_shipping_class-standard","9":"pa_anzahl-stufen-1735","10":"pa_artikel-pro-verkaufseinheit-1x","11":"pa_breite-75-cm","12":"pa_farbe-schwarz","13":"pa_gewicht-47-5-kg","14":"pa_hantelbanktyp-schraegbank","15":"pa_hoehe-45-cm","16":"pa_laenge-121-cm","17":"pa_lieferumfang-1x-hantelbank","18":"pa_material-stahl-pulverbeschichtet","19":"pa_material-polster-kunstleder","20":"pa_max-belastung-500-kg","21":"pa_negativ-einstellung-nein","22":"pa_transportrollen-ja","23":"pa_verstellbare-rueckenlehne-ja","24":"pa_verstellbarer-sitz-ja","26":"first","27":"outofstock","28":"taxable","29":"shipping-taxable","30":"purchasable","31":"product-type-simple"},"bundled_by":[],"bundle_stock_status":"outofstock","bundle_stock_quantity":0,"bundle_virtual":false,"bundle_layout":"","bundle_add_to_cart_form_location":"","bundle_editable_in_cart":false,"bundle_sold_individually_context":"","bundle_item_grouping":"","bundle_min_size":"","bundle_max_size":"","bundle_price":[],"bundled_items":[],"bundle_sell_ids":[],"acf":[],"df_price":450,"df_sale_price":"","df_regular_price":450,"df_image_link":"https:\/\/www.fitness-flohmarkt.ch\/wp-content\/uploads\/atx-warrior-bench-multibank-wide-20250310-130343-4_1080x1080-1-300x300.png","_links":{"self":[{"href":"https:\/\/www.fitness-flohmarkt.ch\/en\/wp-json\/wp\/v2\/product\/43044","targetHints":{"allow":["GET"]}}],"collection":[{"href":"https:\/\/www.fitness-flohmarkt.ch\/en\/wp-json\/wp\/v2\/product"}],"about":[{"href":"https:\/\/www.fitness-flohmarkt.ch\/en\/wp-json\/wp\/v2\/types\/product"}],"replies":[{"embeddable":true,"href":"https:\/\/www.fitness-flohmarkt.ch\/en\/wp-json\/wp\/v2\/comments?post=43044"}],"wp:featuredmedia":[{"embeddable":true,"href":"https:\/\/www.fitness-flohmarkt.ch\/en\/wp-json\/wp\/v2\/media\/9048476"}],"wp:attachment":[{"href":"https:\/\/www.fitness-flohmarkt.ch\/en\/wp-json\/wp\/v2\/media?parent=43044"}],"wp:term":[{"taxonomy":"product_brand","embeddable":true,"href":"https:\/\/www.fitness-flohmarkt.ch\/en\/wp-json\/wp\/v2\/product_brand?post=43044"},{"taxonomy":"product_cat","embeddable":true,"href":"https:\/\/www.fitness-flohmarkt.ch\/en\/wp-json\/wp\/v2\/product_cat?post=43044"},{"taxonomy":"product_tag","embeddable":true,"href":"https:\/\/www.fitness-flohmarkt.ch\/en\/wp-json\/wp\/v2\/product_tag?post=43044"}],"curies":[{"name":"wp","href":"https:\/\/api.w.org\/{rel}","templated":true}]}}