{"id":6018,"date":"2025-02-06T13:36:00","date_gmt":"2025-02-06T12:36:00","guid":{"rendered":"https:\/\/www2.fitness-flohmarkt.ch\/?page_id=6018"},"modified":"2025-04-03T13:02:16","modified_gmt":"2025-04-03T11:02:16","slug":"schools-companies-associations","status":"publish","type":"page","link":"https:\/\/www.fitness-flohmarkt.ch\/en\/schulen-firmen-vereine\/","title":{"rendered":"Schools, companies &amp; clubs"},"content":{"rendered":"<p>Fitness-Flohmarkt.ch offers you attractive, cost-effective complete fitness and weight room solutions for schools, companies and clubs.<\/p>\n\n\n\n<p>Thanks to our wide selection of professional fitness equipment - both new and used - we can cater to your specific needs and create a great, functional solution for (almost) any budget. Whether you are looking for a classic gym or a functional fitness room, we will be happy to advise you.<\/p>\n\n\n\n<p>Your advantages at a glance:<\/p>\n\n\n\n<ul class=\"wp-block-list\">\n<li>Complete solutions from a single source<\/li>\n\n\n\n<li>New &amp; used possible<\/li>\n\n\n\n<li>Solutions for every budget<\/li>\n<\/ul>\n\n\n\n<p>From HC Davos to the Swiss football team and the Bernese Young Boys: we have supplied numerous top clubs with equipment - and dozens of smaller clubs from all over Switzerland.<\/p>\n\n\n\n<p>We look forward to hearing from you!<\/p>\n\n\n\n<p>Your team from Fitness-Flohmarkt.ch<\/p>\n\n\n\n<p><\/p>","protected":false},"excerpt":{"rendered":"<p>Fitness-Flohmarkt.ch bietet dir attraktive, kosteng\u00fcnstige Gesamtl\u00f6sungen im Bereich Fitness und Kraftraum f\u00fcr Schulen, Firmen und Vereine. Dank der breiten Auswahl an professionellen Fitnessger\u00e4ten \u2013 sowohl neu als auch gebraucht \u2013 k\u00f6nnen wir gezielt auf deine Bed\u00fcrfnisse eingehen und f\u00fcr (fast) jedes Budget eine tolle, zweckm\u00e4ssige L\u00f6sung schaffen. Egal, ob es ein klassischer Kraftraum oder ein [&hellip;]<\/p>\n","protected":false},"author":1,"featured_media":0,"parent":0,"menu_order":0,"comment_status":"closed","ping_status":"closed","template":"","meta":{"_acf_changed":false,"_gspb_post_css":"","footnotes":""},"class_list":["post-6018","page","type-page","status-publish","hentry"],"blocksy_meta":[],"acf":[],"_links":{"self":[{"href":"https:\/\/www.fitness-flohmarkt.ch\/en\/wp-json\/wp\/v2\/pages\/6018","targetHints":{"allow":["GET"]}}],"collection":[{"href":"https:\/\/www.fitness-flohmarkt.ch\/en\/wp-json\/wp\/v2\/pages"}],"about":[{"href":"https:\/\/www.fitness-flohmarkt.ch\/en\/wp-json\/wp\/v2\/types\/page"}],"author":[{"embeddable":true,"href":"https:\/\/www.fitness-flohmarkt.ch\/en\/wp-json\/wp\/v2\/users\/1"}],"replies":[{"embeddable":true,"href":"https:\/\/www.fitness-flohmarkt.ch\/en\/wp-json\/wp\/v2\/comments?post=6018"}],"version-history":[{"count":3,"href":"https:\/\/www.fitness-flohmarkt.ch\/en\/wp-json\/wp\/v2\/pages\/6018\/revisions"}],"predecessor-version":[{"id":9015207,"href":"https:\/\/www.fitness-flohmarkt.ch\/en\/wp-json\/wp\/v2\/pages\/6018\/revisions\/9015207"}],"wp:attachment":[{"href":"https:\/\/www.fitness-flohmarkt.ch\/en\/wp-json\/wp\/v2\/media?parent=6018"}],"curies":[{"name":"wp","href":"https:\/\/api.w.org\/{rel}","templated":true}]}}