{"id":6016,"date":"2025-02-06T13:35:54","date_gmt":"2025-02-06T12:35:54","guid":{"rendered":"https:\/\/www2.fitness-flohmarkt.ch\/?page_id=6016"},"modified":"2025-04-03T13:11:46","modified_gmt":"2025-04-03T11:11:46","slug":"references","status":"publish","type":"page","link":"https:\/\/www.fitness-flohmarkt.ch\/en\/referenzen\/","title":{"rendered":"References"},"content":{"rendered":"<p>Fitness-Flohmarkt has been selling professional fitness equipment - both new and used - since 2016 and can already be found in numerous Swiss fitness studios, sports facilities, club rooms and households. Our valued customers include numerous renowned clubs, athletes and fitness studios. Satisfied customers are the best advertisement - we are also there for you after the purchase and always find a suitable solution.<\/p>\n\n\n\n<h2 class=\"wp-block-heading\" id=\"vereine-spitzensport\">Clubs \/ top-class sport:&nbsp;<\/h2>\n\n\n\n<p><a href=\"http:\/\/www.bscyb.ch\" target=\"_blank\" rel=\"noreferrer noopener\">Young Boys<\/a>, Bern<br><a href=\"https:\/\/www.fcz.ch\/de\/\" target=\"_blank\" rel=\"noreferrer noopener\">FC Zurich<br><\/a><a href=\"https:\/\/www.football.ch\/sfv\/nationalteams\/a-team\/news.aspx\" target=\"_blank\" rel=\"noreferrer noopener\">SFV Swiss national football team A-Team&nbsp;<\/a><br><a href=\"https:\/\/www.hcd.ch\/de\" target=\"_blank\" rel=\"noreferrer noopener\">HC Davos<\/a><a href=\"https:\/\/www.volleyball.ch\" target=\"_blank\" rel=\"noreferrer noopener\"><br>SwissVolley<\/a>, Bern<br><a href=\"https:\/\/www.scb.ch\/home.html\" target=\"_blank\" rel=\"noreferrer noopener\">SC Bern<br><\/a><a href=\"https:\/\/www.scltigers.ch\/\" target=\"_blank\" rel=\"noreferrer noopener\">SCL Tigers<\/a><br><a href=\"http:\/\/skiclubwengen.ch\" target=\"_blank\" rel=\"noreferrer noopener\">Ski-Club Wengen<\/a><a href=\"http:\/\/skiclubwengen.ch\" target=\"_blank\" rel=\"noreferrer noopener\"><br><\/a><a href=\"http:\/\/www.ehco.ch\" target=\"_blank\" rel=\"noreferrer noopener\">Field hockey Club EHC Olten<\/a><a href=\"http:\/\/skiclubwengen.ch\" target=\"_blank\" rel=\"noreferrer noopener\"><br><\/a><a href=\"http:\/\/www.scl-athletics.ch\" target=\"_blank\" rel=\"noreferrer noopener\">SC Liestal&nbsp;<\/a><br><a href=\"http:\/\/www.oldboysbasel.ch\" target=\"_blank\" rel=\"noreferrer noopener\">LAS Old Boys Basel&nbsp;<br><\/a><a href=\"http:\/\/www.btv-athletics.ch\" target=\"_blank\" rel=\"noreferrer noopener\">BTV Aarau<\/a><a href=\"http:\/\/www.schlussgang.ch\/de\/schwinger\/mathys-simon\" target=\"_blank\" rel=\"noreferrer noopener\"><br><\/a><a href=\"https:\/\/www.number1complex.ch\" target=\"_blank\" rel=\"noreferrer noopener\">Number1Complex,<\/a> Biel&nbsp;<br><a href=\"https:\/\/www.lcbasel.ch\" target=\"_blank\" rel=\"noreferrer noopener\">LC Basel<br><\/a><a href=\"http:\/\/www.ehcb.ch\" target=\"_blank\" rel=\"noreferrer noopener\">EHC Biel<br><\/a><a href=\"https:\/\/www.ehcb-spirit.ch\/de\/\" target=\"_blank\" rel=\"noreferrer noopener\">EHC Biel Spirit<\/a><a href=\"http:\/\/www.ehcb.ch\" target=\"_blank\" rel=\"noreferrer noopener\"><br><\/a><a href=\"https:\/\/fcaarau.ch\" target=\"_blank\" rel=\"noreferrer noopener\">FC Aarau<br><\/a><a href=\"https:\/\/www.ehc-visp.ch\/web\/\" target=\"_blank\" rel=\"noreferrer noopener\">EHC Visp<br><\/a><a href=\"https:\/\/www.mujinga.ch\" target=\"_blank\" rel=\"noreferrer noopener\">Mujinga Kambundji<br><\/a><a href=\"https:\/\/joanahaehlen.ch\/de\/joana\" target=\"_blank\" rel=\"noreferrer noopener\">Joana H\u00e4hlen<br><\/a><a href=\"https:\/\/jeanninegmelin.ch\" target=\"_blank\" rel=\"noreferrer noopener\">Jeannine Gmelin<\/a><a href=\"https:\/\/joanahaehlen.ch\/de\/joana\" target=\"_blank\" rel=\"noreferrer noopener\"><br><\/a><a href=\"https:\/\/www.fcvaduz.li\" target=\"_blank\" rel=\"noreferrer noopener\">FC Vaduz&nbsp;<\/a><br><a href=\"https:\/\/www.lvfrenke.ch\" target=\"_blank\" rel=\"noreferrer noopener\">LV Frenke<\/a><br><a href=\"https:\/\/www.sclangenthal.ch\" target=\"_blank\" rel=\"noreferrer noopener\">SC Langenthal<br><\/a><a href=\"http:\/\/lnsa.lt\" target=\"_blank\" rel=\"noreferrer noopener\">Ski National Team Lithuania<br><\/a><a href=\"https:\/\/www.fclugano.com\" target=\"_blank\" rel=\"noreferrer noopener\">FC Lugano&nbsp;<\/a><\/p>\n\n\n\n<h2 class=\"wp-block-heading\" id=\"crossfit\">CrossFit:&nbsp;<\/h2>\n\n\n\n<p><a href=\"https:\/\/crossfitbiel-bienne.com\/de\/\" target=\"_blank\" rel=\"noreferrer noopener\">CrossFit Biel&nbsp;<br><\/a><a href=\"http:\/\/www.crossfitbasel.ch\" target=\"_blank\" rel=\"noreferrer noopener\">CrossFit Basel<\/a><a href=\"https:\/\/crossfitbiel-bienne.com\/de\/\" target=\"_blank\" rel=\"noreferrer noopener\"><br><\/a><a href=\"https:\/\/crossfithorgen.ch\" target=\"_blank\" rel=\"noreferrer noopener\">CrossFit Horgen&nbsp;<br><\/a><a href=\"http:\/\/www.crossfit-timeout.ch\" target=\"_blank\" rel=\"noreferrer noopener\">CrossFit Time Out Lausen<br><\/a><a href=\"https:\/\/crossfitwhitewolf.ch\" target=\"_blank\" rel=\"noreferrer noopener\">CrossFit White Wolf Basel<br><\/a><a href=\"http:\/\/www.crossfit11.ch\" target=\"_blank\" rel=\"noreferrer noopener\">CrossFit \u00d6uf<br><\/a><a href=\"https:\/\/crossfitabtwil.ch\" target=\"_blank\" rel=\"noreferrer noopener\">CrossFit Abtwil<br><\/a><a href=\"https:\/\/www.crossfit1352.ch\" target=\"_blank\" rel=\"noreferrer noopener\">CrossFit1352 Cham<\/a><br><a href=\"http:\/\/www.crossfituzwil.ch\/home.htm\" target=\"_blank\" rel=\"noreferrer noopener\">CrossFit Uzwil<br><\/a><a href=\"http:\/\/www.crossfit-olten.com\" target=\"_blank\" rel=\"noreferrer noopener\">CrossFit Olten<\/a><br><a href=\"http:\/\/www.crossfit-vnkn.com\" target=\"_blank\" rel=\"noreferrer noopener\">CrossFit VNKN St. Johann in Tirol<\/a> (Austria)<br><a href=\"https:\/\/crossfitmeilen.ch\" target=\"_blank\" rel=\"noreferrer noopener\">CrossFit miles<\/a><br><a href=\"https:\/\/www.sioncrossfit.com\" target=\"_blank\" rel=\"noreferrer noopener\">CrossFit Sion<br><\/a><a href=\"http:\/\/www.crossfitkreis9.ch\/german\/\" target=\"_blank\" rel=\"noreferrer noopener\">CrossFit Kreis 9 Zurich<\/a><br><a href=\"http:\/\/www.crossfit11.ch\" target=\"_blank\" rel=\"noreferrer noopener\">CrossFit11 Zuchwil<\/a><br><a href=\"https:\/\/www.crossfit-lausanne.ch\" target=\"_blank\" rel=\"noreferrer noopener\">CrossFit Lausanne<\/a><br><a href=\"http:\/\/crossfitlugano.com\/web\/\" target=\"_blank\" rel=\"noreferrer noopener\">CrossFit Lugano<br><\/a><a href=\"https:\/\/ananascrossfit.ch\/\" target=\"_blank\" rel=\"noreferrer noopener\">Pineapple CrossFit Winterthur<br><\/a><a href=\"https:\/\/crossfitliestel.ch\" target=\"_blank\" rel=\"noreferrer noopener\">CrossFit Liestel<\/a><\/p>\n\n\n\n<h2 class=\"wp-block-heading\" id=\"fitnessstudios\">Fitness studios:&nbsp;<\/h2>\n\n\n\n<p><a href=\"http:\/\/jayspowerhouse.ch\" target=\"_blank\" rel=\"noreferrer noopener\">Jay's House of Power<\/a>, Villmergen &nbsp;<br><a href=\"https:\/\/motionsports.ch\" target=\"_blank\" rel=\"noreferrer noopener\">Motion Sports Club<\/a>, Wangen near Olten<br><a href=\"http:\/\/www.fitnessfactory24.ch\" target=\"_blank\" rel=\"noreferrer noopener\">FitnessFactory24<\/a>, Bubendorf<br><a href=\"http:\/\/s-m-a-a.ch\" target=\"_blank\" rel=\"noreferrer noopener\">Swiss Martial Arts Academy<\/a>, Liestal<br><a href=\"http:\/\/www.fit-4-ever.ch\" target=\"_blank\" rel=\"noreferrer noopener\">Fit4ever<\/a>, Sissach<br><a href=\"http:\/\/fitnessrebellen.ch\" target=\"_blank\" rel=\"noreferrer noopener\">Fitness rebels<\/a>, St. Gallen<br><a href=\"http:\/\/mikefit.ch\" target=\"_blank\" rel=\"noreferrer noopener\">MikeFit<\/a>, Baar<br><a href=\"http:\/\/www.kraftkern.ch\" target=\"_blank\" rel=\"noreferrer noopener\">Power core<\/a>, F\u00fcllinsdorf<br><a href=\"http:\/\/fit-it.ch\" target=\"_blank\" rel=\"noreferrer noopener\">Fit It<\/a>, Kaiseraugst<br><a href=\"http:\/\/www.move-it-lausen.ch\" target=\"_blank\" rel=\"noreferrer noopener\">Move It<\/a>, Lausen<br><a href=\"http:\/\/studio-balance.ch\" target=\"_blank\" rel=\"noreferrer noopener\">Balance<\/a>, Gelterkinden<br><a href=\"https:\/\/www.trainsane.ch\/das-gym\/\" target=\"_blank\" rel=\"noreferrer noopener\">Trainsane Gym<\/a>, Ostermundingen<br><a href=\"http:\/\/www.powergym.ch\/powergymsh.php\" target=\"_blank\" rel=\"noreferrer noopener\">PowerGym<\/a>, Schaffhausen<br><a href=\"http:\/\/genesis-gym.ch\" target=\"_blank\" rel=\"noreferrer noopener\">Genesis Gym<\/a>, Rheinfelden<br><a href=\"https:\/\/staempfligym.ch\" target=\"_blank\" rel=\"noreferrer noopener\">Staempfligym<\/a>, Bellach<br><a href=\"http:\/\/www.doberfitness.ch\/index.php\" target=\"_blank\" rel=\"noreferrer noopener\">Dober Fitness<\/a>, Goldau<br><a href=\"http:\/\/fit24.ch\" target=\"_blank\" rel=\"noreferrer noopener\">Fit24<\/a>, F\u00fcllinsdorf<br><a href=\"https:\/\/nrggym.ch\" target=\"_blank\" rel=\"noreferrer noopener\">NRG Gym&nbsp;<\/a><br><a href=\"https:\/\/www.wellcomefit.ch\" target=\"_blank\" rel=\"noreferrer noopener\">Welcome Fit&nbsp;<br><\/a><a href=\"https:\/\/www.selfgym.ch\" target=\"_blank\" rel=\"noreferrer noopener\">Self Gym<\/a>, Zuchwil<br><a href=\"http:\/\/www.fitnesscenter-mels.ch\" target=\"_blank\" rel=\"noreferrer noopener\">Fitness center Mels<\/a>, Mels&nbsp;<br><a href=\"http:\/\/www.fit-treff-ruderbach.ch\" target=\"_blank\" rel=\"noreferrer noopener\">Fit-Treff Ruderbach<\/a>, Ruderbach<br><a href=\"http:\/\/www.ropefitness.ch\" target=\"_blank\" rel=\"noreferrer noopener\">Rope Strength &amp; Athletic<\/a>, Bern<br><a href=\"http:\/\/www.ropefitness.ch\" target=\"_blank\" rel=\"noreferrer noopener\">Next Level Sports Club<\/a>, Zurich<br><a href=\"http:\/\/www.fitnessfactory24.ch\" target=\"_blank\" rel=\"noreferrer noopener\">Fitnessfactory24<\/a>, Bubendorf<br><a href=\"https:\/\/www.pro-fitness.ch\" target=\"_blank\" rel=\"noreferrer noopener\">ProFitness<\/a>, Muri<br><a href=\"https:\/\/www.lyssparkfitness.ch\" target=\"_blank\" rel=\"noreferrer noopener\">Lysspark Fitness<\/a>, Lyss<br><a href=\"http:\/\/r-nold.ch\" target=\"_blank\" rel=\"noreferrer noopener\">R-Nold Fitness Club<\/a>, Fountain<br><a href=\"https:\/\/www.nicasgym.ch\" target=\"_blank\" rel=\"noreferrer noopener\">NicasGym<\/a>, Altdorf&nbsp;<br><a href=\"https:\/\/www.jumpfitness.ch\/studios\/rietli\" target=\"_blank\" rel=\"noreferrer noopener\">Jump Fitness<\/a>, Goldach<br><a href=\"http:\/\/www.powergym.ch\/powergymthun.php\" target=\"_blank\" rel=\"noreferrer noopener\">PowerGym<\/a>, Thun<br><a href=\"http:\/\/www.eight-on.ch\" target=\"_blank\" rel=\"noreferrer noopener\">Eight On<\/a>, Basel<br><a href=\"http:\/\/ifp-basel.com\" target=\"_blank\" rel=\"noreferrer noopener\">Indoor fitness course<\/a>, Basel<br><a href=\"https:\/\/www.sportstudio-felben.ch\" target=\"_blank\" rel=\"noreferrer noopener\">Felben sports studio<\/a><br><a href=\"https:\/\/www.balsthalgym.ch\" target=\"_blank\" rel=\"noreferrer noopener\">Balsthal Gym<\/a><br><a href=\"https:\/\/www.body-move.ch\/aesch\/\" target=\"_blank\" rel=\"noreferrer noopener\">BodyMove Aesch<\/a><br><a href=\"https:\/\/www.body-move.ch\/allschwil\/\" target=\"_blank\" rel=\"noreferrer noopener\">BodyMove Allschwil<\/a><br><a href=\"https:\/\/www.jaypersonaltraining.ch\/?gclid=EAIaIQobChMIzMGtvtyt4wIVSaWaCh1qRgsnEAAYASAAEgJVgPD_BwE\" target=\"_blank\" rel=\"noreferrer noopener\">JAY Personal Training<\/a>, Zurich&nbsp;<br><a href=\"https:\/\/www.spf24.ch\" target=\"_blank\" rel=\"noreferrer noopener\">SPF24<\/a>, Regensdorf<br><a href=\"https:\/\/indigofitness.ch\/zuerich\/\" target=\"_blank\" rel=\"noreferrer noopener\">Indigo Fitness<\/a>, Zurich<br><a href=\"https:\/\/www.hcgym.com\/de\/\" target=\"_blank\" rel=\"noreferrer noopener\">Hardcore Gym<\/a>, Aarau<br><a href=\"https:\/\/de.barbellsandplates.com\" target=\"_blank\" rel=\"noreferrer noopener\">Barbells &amp; Plates<\/a>, W\u00e4denswil<\/p>\n\n\n\n<h2 class=\"wp-block-heading\" id=\"kampfsport\">Martial arts&nbsp;<\/h2>\n\n\n\n<p><a href=\"https:\/\/www.nobleartboxingcenter.ch\" target=\"_blank\" rel=\"noreferrer noopener\">Noble Art Boxing Center<\/a>, Frenkendorf<br><a href=\"https:\/\/arnoldboxfit.ch\" target=\"_blank\" rel=\"noreferrer noopener\">Arnold Boxfit Training<\/a>, Pratteln<\/p>\n\n\n\n<h2 class=\"wp-block-heading\" id=\"hotellerie\">Hotel industry&nbsp;<\/h2>\n\n\n\n<p><a href=\"https:\/\/www.lenkerhof.ch\" target=\"_blank\" rel=\"noreferrer noopener\">Lenkerhof gourmet spa resort *****<\/a>&nbsp;, Lenk<br><a href=\"https:\/\/www.a-rosa-resorts.de\/a-rosa\/resorts-hotels\/kitzbuehel\/hotel-kitzbuehel.html\" target=\"_blank\" rel=\"noreferrer noopener\">A-ROSA Kitzb\u00fchel *****<\/a> , Kitzb\u00fchel (AT)<\/p>\n\n\n\n<h2 class=\"wp-block-heading\" id=\"diverse\">Various&nbsp;<\/h2>\n\n\n\n<p>Federal Department of Defense, Civil Protection and Sport DDPS<br>Physiotherapy MOVE, Olten&nbsp;<br>Lohner Foundation retirement and nursing home, Adelboden<br>Golf Club du Geneve, Geneva<br>Golf Fit, Puidoux<br>Personal Training Platform Basel<br>Zurich Cantonal Police<br>Air Force Air Base Command Payerne&nbsp;<br>Bern Cantonal Police<br>ASVZ<br>St. Gallen Cantonal Police<br>Municipality of Amriswil<br>Cantonal school Enge<br>Physiotherapy Burgdorf Christian Keller AG<br>Sentidos Physio Physiotherapy Burgdorf Christian Keller AG<br>Physio-Ost Tr\u00fcbbach<br>University of Basel<\/p>\n\n\n\n<h2 class=\"wp-block-heading\" id=\"firmenfitness\">Company fitness&nbsp;<\/h2>\n\n\n\n<p>Clariant Ltd.<br>Zurich Insurance Group<br>SAM Insurance AG<br>Steiner BUS AG<\/p>","protected":false},"excerpt":{"rendered":"<p>Fitness-Flohmarkt vertreibt seit 2016 professionelles Fitnessequipment \u2013 sowohl neue als auch gebrauchte \u2013 und ist bereits in zahlreichen Schweizer Fitnessstudios, Sportst\u00e4tten, Vereinsr\u00e4umen und Haushalten zu finden. Zu unseren gesch\u00e4tzten Kunden z\u00e4hlen zahlreiche renommierte Vereine, Athleten und Fitnessstudios. Zufriedene Kunden sind die beste Werbung \u2013 wir sind auch nach dem Kauf f\u00fcr dich da und finden [&hellip;]<\/p>\n","protected":false},"author":1,"featured_media":0,"parent":0,"menu_order":0,"comment_status":"closed","ping_status":"closed","template":"","meta":{"_acf_changed":false,"_gspb_post_css":"","footnotes":""},"class_list":["post-6016","page","type-page","status-publish","hentry"],"blocksy_meta":[],"acf":[],"_links":{"self":[{"href":"https:\/\/www.fitness-flohmarkt.ch\/en\/wp-json\/wp\/v2\/pages\/6016","targetHints":{"allow":["GET"]}}],"collection":[{"href":"https:\/\/www.fitness-flohmarkt.ch\/en\/wp-json\/wp\/v2\/pages"}],"about":[{"href":"https:\/\/www.fitness-flohmarkt.ch\/en\/wp-json\/wp\/v2\/types\/page"}],"author":[{"embeddable":true,"href":"https:\/\/www.fitness-flohmarkt.ch\/en\/wp-json\/wp\/v2\/users\/1"}],"replies":[{"embeddable":true,"href":"https:\/\/www.fitness-flohmarkt.ch\/en\/wp-json\/wp\/v2\/comments?post=6016"}],"version-history":[{"count":3,"href":"https:\/\/www.fitness-flohmarkt.ch\/en\/wp-json\/wp\/v2\/pages\/6016\/revisions"}],"predecessor-version":[{"id":9015211,"href":"https:\/\/www.fitness-flohmarkt.ch\/en\/wp-json\/wp\/v2\/pages\/6016\/revisions\/9015211"}],"wp:attachment":[{"href":"https:\/\/www.fitness-flohmarkt.ch\/en\/wp-json\/wp\/v2\/media?parent=6016"}],"curies":[{"name":"wp","href":"https:\/\/api.w.org\/{rel}","templated":true}]}}