{"id":5998,"date":"2025-02-06T13:33:46","date_gmt":"2025-02-06T12:33:46","guid":{"rendered":"https:\/\/www2.fitness-flohmarkt.ch\/?page_id=5998"},"modified":"2025-04-03T13:13:28","modified_gmt":"2025-04-03T11:13:28","slug":"payment-shipping","status":"publish","type":"page","link":"https:\/\/www.fitness-flohmarkt.ch\/en\/zahlung-versand\/","title":{"rendered":"Payment &amp; Shipping"},"content":{"rendered":"<p><strong>The dispatch <\/strong><strong>takes place<\/strong><strong> usually within 1-4 working days<\/strong> by Swiss Post or a forwarding agent. The choice of shipping partner depends on the weight, volume and domicile of the shipment.<\/p>\n\n\n\n<p><strong>The shipping costs are calculated automatically in the shopping cart.<\/strong> The basic rate is CHF 9.90 per 30 kg. Objects with a total length of more than 100 cm may not be sent or may only be sent as bulky goods. Objects that are heavier than 30 kg and cannot be divided into several parcels (e.g. a 32 kg kettlebell) must also be considered separately. This may result in additional costs. The exact shipping price will be displayed in the shopping cart. If you have any questions, please feel free to contact us at any time.<\/p>\n\n\n\n<p>Please note that the weight indicated on the products does not necessarily correspond exactly to the shipping weight. There may be a difference due to the weight of packaging, padding and shipping material.<\/p>\n\n\n\n<p>Unless otherwise defined in writing or agreed between the parties, shipment shall be made to the recipient's kerbside. This applies to parcels sent by post as well as to deliveries by forwarding agents.<\/p>","protected":false},"excerpt":{"rendered":"<p>Der Versand erfolgt in der Regel innerhalb von 1-4 Arbeitstagen durch die Schweizer Post oder Spedition. Die Wahl des Versandpartners ist abh\u00e4ngig von Gewicht, Volumen und Domizil der Sendung. Die Versandkosten werden automatisch im Warenkorb berechnet. Der Basistarif ist CHF 9.90 pro 30 kg. Objekte mit einer Gesamtl\u00e4nge von \u00fcber 100 cm k\u00f6nnen gegebenenfalls nicht [&hellip;]<\/p>\n","protected":false},"author":1,"featured_media":0,"parent":0,"menu_order":0,"comment_status":"closed","ping_status":"closed","template":"","meta":{"_acf_changed":false,"_gspb_post_css":"","footnotes":""},"class_list":["post-5998","page","type-page","status-publish","hentry"],"blocksy_meta":[],"acf":[],"_links":{"self":[{"href":"https:\/\/www.fitness-flohmarkt.ch\/en\/wp-json\/wp\/v2\/pages\/5998","targetHints":{"allow":["GET"]}}],"collection":[{"href":"https:\/\/www.fitness-flohmarkt.ch\/en\/wp-json\/wp\/v2\/pages"}],"about":[{"href":"https:\/\/www.fitness-flohmarkt.ch\/en\/wp-json\/wp\/v2\/types\/page"}],"author":[{"embeddable":true,"href":"https:\/\/www.fitness-flohmarkt.ch\/en\/wp-json\/wp\/v2\/users\/1"}],"replies":[{"embeddable":true,"href":"https:\/\/www.fitness-flohmarkt.ch\/en\/wp-json\/wp\/v2\/comments?post=5998"}],"version-history":[{"count":4,"href":"https:\/\/www.fitness-flohmarkt.ch\/en\/wp-json\/wp\/v2\/pages\/5998\/revisions"}],"predecessor-version":[{"id":9015213,"href":"https:\/\/www.fitness-flohmarkt.ch\/en\/wp-json\/wp\/v2\/pages\/5998\/revisions\/9015213"}],"wp:attachment":[{"href":"https:\/\/www.fitness-flohmarkt.ch\/en\/wp-json\/wp\/v2\/media?parent=5998"}],"curies":[{"name":"wp","href":"https:\/\/api.w.org\/{rel}","templated":true}]}}