{"id":12923,"date":"2025-02-10T01:21:14","date_gmt":"2025-02-10T00:21:14","guid":{"rendered":"https:\/\/www2.fitness-flohmarkt.ch\/?page_id=12923"},"modified":"2025-04-04T12:42:34","modified_gmt":"2025-04-04T10:42:34","slug":"imprint","status":"publish","type":"page","link":"https:\/\/www.fitness-flohmarkt.ch\/en\/impressum\/","title":{"rendered":"Imprint"},"content":{"rendered":"<h3 class=\"wp-block-heading\" id=\"kontaktadresse\"><strong>Contact address<\/strong><\/h3>\n\n\n\n<p>Fitcom AG<br>B\u00e4chliackerweg 11<br>4410 Liestal<br>Switzerland<br>info@fitness-flohmarkt.ch<br>+41 61 901 12 40<\/p>\n\n\n\n<h3 class=\"wp-block-heading\" id=\"vertretungsberechtigte-personen\"><strong>Authorized representatives<\/strong><\/h3>\n\n\n\n<p>Rebekka Nachbur, Member of the Board of Directors<\/p>\n\n\n\n<h3 class=\"wp-block-heading\" id=\"handelsregistereintrag\"><strong>Commercial register entry<\/strong><\/h3>\n\n\n\n<p>Registered company name: Fitcom AG<br>Number: CH-280.3.021.050-3<\/p>\n\n\n\n<h3 class=\"wp-block-heading\" id=\"mehrwertsteuernummer\"><strong>VAT number<\/strong><\/h3>\n\n\n\n<p>CHE-490.710.916<\/p>\n\n\n\n<h3 class=\"wp-block-heading\" id=\"haftungsausschluss\"><strong>Disclaimer<\/strong><\/h3>\n\n\n\n<p>The author assumes no liability for the correctness, accuracy, up-to-dateness, reliability and completeness of the information. Liability claims against the author relating to material or immaterial damage caused by accessing, using or not using the published information, by misuse of the connection or by technical faults are excluded. All offers are non-binding. The author expressly reserves the right to change, supplement or delete parts of the pages or the entire offer without prior notice or to cease publication temporarily or permanently.<\/p>\n\n\n\n<h3 class=\"wp-block-heading\" id=\"haftung-fur-links\"><strong>Liability for links<\/strong><\/h3>\n\n\n\n<p>References and links to third-party websites are outside our area of responsibility. Any responsibility for such websites is rejected. Users access and use such websites at their own risk.<\/p>\n\n\n\n<h3 class=\"wp-block-heading\" id=\"urheberrechte\"><strong>Copyrights<\/strong><\/h3>\n\n\n\n<p>The copyright and all other rights to content, images, photos or other files on this website belong exclusively to Fitcom AG or the specifically named rights holders. The written consent of the copyright holder must be obtained in advance for the reproduction of any elements.<\/p>","protected":false},"excerpt":{"rendered":"<p>Kontaktadresse Fitcom AGB\u00e4chliackerweg 114410 LiestalSchweizinfo@fitness-flohmarkt.ch+41 61 901 12 40 Vertretungsberechtigte Personen Rebekka Nachbur, Mitglied des Verwaltungsrates Handelsregistereintrag Eingetragener Firmenname: Fitcom AGNummer: CH-280.3.021.050-3 Mehrwertsteuernummer CHE-490.710.916 Haftungsausschluss Der Autor \u00fcbernimmt keinerlei Gew\u00e4hr f\u00fcr die inhaltliche Richtigkeit, Genauigkeit, Aktualit\u00e4t, Zuverl\u00e4ssigkeit und Vollst\u00e4ndigkeit der Informationen. Haftungsanspr\u00fcche gegen den Autor, die sich auf Sch\u00e4den materieller oder immaterieller Art beziehen und [&hellip;]<\/p>\n","protected":false},"author":1,"featured_media":0,"parent":0,"menu_order":0,"comment_status":"closed","ping_status":"closed","template":"","meta":{"_acf_changed":false,"_gspb_post_css":"","footnotes":""},"class_list":["post-12923","page","type-page","status-publish","hentry"],"blocksy_meta":[],"acf":[],"_links":{"self":[{"href":"https:\/\/www.fitness-flohmarkt.ch\/en\/wp-json\/wp\/v2\/pages\/12923","targetHints":{"allow":["GET"]}}],"collection":[{"href":"https:\/\/www.fitness-flohmarkt.ch\/en\/wp-json\/wp\/v2\/pages"}],"about":[{"href":"https:\/\/www.fitness-flohmarkt.ch\/en\/wp-json\/wp\/v2\/types\/page"}],"author":[{"embeddable":true,"href":"https:\/\/www.fitness-flohmarkt.ch\/en\/wp-json\/wp\/v2\/users\/1"}],"replies":[{"embeddable":true,"href":"https:\/\/www.fitness-flohmarkt.ch\/en\/wp-json\/wp\/v2\/comments?post=12923"}],"version-history":[{"count":5,"href":"https:\/\/www.fitness-flohmarkt.ch\/en\/wp-json\/wp\/v2\/pages\/12923\/revisions"}],"predecessor-version":[{"id":9015474,"href":"https:\/\/www.fitness-flohmarkt.ch\/en\/wp-json\/wp\/v2\/pages\/12923\/revisions\/9015474"}],"wp:attachment":[{"href":"https:\/\/www.fitness-flohmarkt.ch\/en\/wp-json\/wp\/v2\/media?parent=12923"}],"curies":[{"name":"wp","href":"https:\/\/api.w.org\/{rel}","templated":true}]}}